{"id":215,"date":"2022-09-06T10:55:54","date_gmt":"2022-09-06T10:55:54","guid":{"rendered":"https:\/\/alumni.imm.medicina.ulisboa.pt\/?page_id=215"},"modified":"2022-09-08T10:25:43","modified_gmt":"2022-09-08T10:25:43","slug":"bruno-cardoso","status":"publish","type":"page","link":"https:\/\/alumni.imm.medicina.ulisboa.pt\/members\/bruno-cardoso\/","title":{"rendered":"Bruno Cardoso"},"content":{"rendered":"\n<p class=\"has-text-align-center\" style=\"font-size:40px\"><strong>Bruno Cardoso<\/strong><\/p>\n\n\n\n<p class=\"has-white-color has-text-color\">.<\/p>\n\n\n\n<div class=\"wp-block-columns\">\n<div class=\"wp-block-column\">\n<div class=\"wp-block-image\"><figure class=\"aligncenter size-large is-resized\"><img loading=\"lazy\" src=\"https:\/\/alumni.imm.medicina.ulisboa.pt\/wp-content\/uploads\/sites\/33\/2022\/09\/Bruno-Cardoso-1-757x1024.png\" alt=\"\" class=\"wp-image-230\" width=\"379\" height=\"512\" srcset=\"https:\/\/alumni.imm.medicina.ulisboa.pt\/wp-content\/uploads\/sites\/33\/2022\/09\/Bruno-Cardoso-1-757x1024.png 757w, https:\/\/alumni.imm.medicina.ulisboa.pt\/wp-content\/uploads\/sites\/33\/2022\/09\/Bruno-Cardoso-1-222x300.png 222w, https:\/\/alumni.imm.medicina.ulisboa.pt\/wp-content\/uploads\/sites\/33\/2022\/09\/Bruno-Cardoso-1-768x1040.png 768w, https:\/\/alumni.imm.medicina.ulisboa.pt\/wp-content\/uploads\/sites\/33\/2022\/09\/Bruno-Cardoso-1-1135x1536.png 1135w, https:\/\/alumni.imm.medicina.ulisboa.pt\/wp-content\/uploads\/sites\/33\/2022\/09\/Bruno-Cardoso-1-1513x2048.png 1513w\" sizes=\"(max-width: 379px) 100vw, 379px\" \/><\/figure><\/div>\n<\/div>\n\n\n\n<div class=\"wp-block-column\">\n<p class=\"has-text-color\" style=\"color:#00c6a5;font-size:25px\"><strong>Biosketch<\/strong><\/p>\n\n\n\n<p>This incredible journey through Science started at Faculdade de Ci\u00eancias da Universidade de Lisboa (FCUL) where I graduated in Genetics and Microbiology (2005). Following a very interesting internship with Jo\u00e3o Barata I join his lab and started my PhD on T-cell Acute Lymphoblastic Leukemia (T-ALL) in January 2006. The PhD was developed at iMM with a three-month passage through Utrecht at Paul Coffer\u2019s lab (September-December 2008). After defending my thesis (December 2011) I continued working with Jo\u00e3o Barata as a Post-Doc\/Lab manager, where I was performing research (also in T-ALL) and organizing the lab at the same time. In September 2012 I moved to Ant\u00f3nio Almeida Lab (in Instituto Portugu\u00eas de Oncologia de Lisboa \u2013 Francisco Gentil \u2013 IPOL-FG) as a Post-Doctoral fellow and shifted a bit from lymphoid leukemias (T-ALL) and started working with Myeloid malignancies (Acute Myeloid Leukemia, Myelodisplastic Syndromes and Myeloproliferative Neoplasms) and also Fanconi Anemia. <\/p>\n\n\n\n<p>Four years later, I returned to iMM, first as Post-Doctoral fellow and then as a Senior Researcher, to Jo\u00e3o Barata Lab to explore a new line of research in the lab \u2013 Circadian Biology in T-ALL. And, in parallel with this exciting project, we were able to identify a novel key regulator of T-ALL biology. Currently, I am an Assistant Professor at the recently inaugurated Cat\u00f3lica Medical School (CMS) which includes several positions under the same umbrella: Block coordinator, Tutor, Mentor and Lecturer. In addition to this, I also established my own research group at the Centro de Investiga\u00e7\u00e3o Interdisciplinar em Sa\u00fade (CIIS) where we aim to understand disease biology in the context on Myeloid Malignancies.<\/p>\n\n\n\n<p>On top of this, I was given the honor of coordinating the first block of the first group of medical students within CMS. As an extra, I was also the first Lecturer within the medical degree\u2026 Amazing.<\/p>\n\n\n\n<p class=\"has-text-color\" style=\"color:#00c6a5;font-size:25px\"><strong>Testimony<\/strong><\/p>\n\n\n\n<p>iMM is an amazing research institute, one of the top ones in Portugal (infrastructure, researchers, equipment, facilities, scientific production, etc), but the thing that always dazzled me the most\u2026 The people, and the amazing working atmosphere the is breath within this amazing research institute \u2013 that\u2019s pure Gold!<\/p>\n\n\n\n<p class=\"has-text-color\" style=\"color:#00c6a1;font-size:25px\"><strong>Contact<\/strong><\/p>\n\n\n\n<p><span style=\"text-decoration: underline;\"><a href=\"https:\/\/www.linkedin.com\/in\/bruno-cardoso-8699a258\/\" target=\"_blank\" rel=\"noreferrer noopener\">LinkedIn<\/a><\/span><\/p>\n<\/div>\n<\/div>\n\n\n\n<div class=\"wp-block-columns\">\n<div class=\"wp-block-column\" style=\"flex-basis:25%\"><\/div>\n\n\n\n<div class=\"wp-block-column\" style=\"flex-basis:50%\"><\/div>\n\n\n\n<div class=\"wp-block-column\" style=\"flex-basis:25%\">\n<figure class=\"wp-block-image size-full\"><a href=\"https:\/\/alumni.imm.medicina.ulisboa.pt\/members\/carlos-lopes\/\"><img loading=\"lazy\" width=\"512\" height=\"512\" src=\"http:\/\/alumni.imm.medicina.ulisboa.pt\/wp-content\/uploads\/sites\/33\/2022\/09\/Icone-Next.png\" alt=\"\" class=\"wp-image-381\" srcset=\"https:\/\/alumni.imm.medicina.ulisboa.pt\/wp-content\/uploads\/sites\/33\/2022\/09\/Icone-Next.png 512w, https:\/\/alumni.imm.medicina.ulisboa.pt\/wp-content\/uploads\/sites\/33\/2022\/09\/Icone-Next-300x300.png 300w, https:\/\/alumni.imm.medicina.ulisboa.pt\/wp-content\/uploads\/sites\/33\/2022\/09\/Icone-Next-150x150.png 150w\" sizes=\"(max-width: 512px) 100vw, 512px\" \/><\/a><\/figure>\n<\/div>\n<\/div>\n","protected":false},"excerpt":{"rendered":"<p>Bruno Cardoso . Biosketch This incredible journey through Science started at Faculdade de Ci\u00eancias da Universidade de Lisboa (FCUL) where I graduated in Genetics and Microbiology (2005). Following a very interesting internship with Jo\u00e3o Barata I join his lab and started my PhD on T-cell Acute Lymphoblastic Leukemia (T-ALL) in January 2006. The PhD was &hellip; <a href=\"https:\/\/alumni.imm.medicina.ulisboa.pt\/members\/bruno-cardoso\/\">Continued<\/a><\/p>\n","protected":false},"author":13,"featured_media":0,"parent":15,"menu_order":0,"comment_status":"closed","ping_status":"closed","template":"views\/template-900.blade.php","meta":[],"yoast_head":"<!-- This site is optimized with the Yoast SEO plugin v17.4 - https:\/\/yoast.com\/wordpress\/plugins\/seo\/ -->\n<title>Bruno Cardoso - iMM Alumni Community<\/title>\n<meta name=\"robots\" content=\"index, follow, max-snippet:-1, max-image-preview:large, max-video-preview:-1\" \/>\n<link rel=\"canonical\" href=\"https:\/\/alumni.imm.medicina.ulisboa.pt\/members\/bruno-cardoso\/\" \/>\n<meta property=\"og:locale\" content=\"en_US\" \/>\n<meta property=\"og:type\" content=\"article\" \/>\n<meta property=\"og:title\" content=\"Bruno Cardoso - iMM Alumni Community\" \/>\n<meta property=\"og:description\" content=\"Bruno Cardoso . Biosketch This incredible journey through Science started at Faculdade de Ci\u00eancias da Universidade de Lisboa (FCUL) where I graduated in Genetics and Microbiology (2005). Following a very interesting internship with Jo\u00e3o Barata I join his lab and started my PhD on T-cell Acute Lymphoblastic Leukemia (T-ALL) in January 2006. The PhD was &hellip; Continued\" \/>\n<meta property=\"og:url\" content=\"https:\/\/alumni.imm.medicina.ulisboa.pt\/members\/bruno-cardoso\/\" \/>\n<meta property=\"og:site_name\" content=\"iMM Alumni Community\" \/>\n<meta property=\"article:modified_time\" content=\"2022-09-08T10:25:43+00:00\" \/>\n<meta property=\"og:image\" content=\"https:\/\/alumni.imm.medicina.ulisboa.pt\/wp-content\/uploads\/sites\/33\/2022\/09\/Bruno-Cardoso-1-757x1024.png\" \/>\n<meta name=\"twitter:card\" content=\"summary_large_image\" \/>\n<meta name=\"twitter:label1\" content=\"Est. reading time\" \/>\n\t<meta name=\"twitter:data1\" content=\"2 minutes\" \/>\n<script type=\"application\/ld+json\" class=\"yoast-schema-graph\">{\"@context\":\"https:\/\/schema.org\",\"@graph\":[{\"@type\":\"WebSite\",\"@id\":\"https:\/\/alumni.imm.medicina.ulisboa.pt\/en\/#website\",\"url\":\"https:\/\/alumni.imm.medicina.ulisboa.pt\/en\/\",\"name\":\"iMM Alumni Community\",\"description\":\"\",\"potentialAction\":[{\"@type\":\"SearchAction\",\"target\":{\"@type\":\"EntryPoint\",\"urlTemplate\":\"https:\/\/alumni.imm.medicina.ulisboa.pt\/en\/?s={search_term_string}\"},\"query-input\":\"required name=search_term_string\"}],\"inLanguage\":\"en-US\"},{\"@type\":\"ImageObject\",\"@id\":\"https:\/\/alumni.imm.medicina.ulisboa.pt\/members\/bruno-cardoso\/#primaryimage\",\"inLanguage\":\"en-US\",\"url\":\"https:\/\/alumni.imm.medicina.ulisboa.pt\/wp-content\/uploads\/sites\/33\/2022\/09\/Bruno-Cardoso-1-757x1024.png\",\"contentUrl\":\"https:\/\/alumni.imm.medicina.ulisboa.pt\/wp-content\/uploads\/sites\/33\/2022\/09\/Bruno-Cardoso-1-757x1024.png\"},{\"@type\":\"WebPage\",\"@id\":\"https:\/\/alumni.imm.medicina.ulisboa.pt\/members\/bruno-cardoso\/#webpage\",\"url\":\"https:\/\/alumni.imm.medicina.ulisboa.pt\/members\/bruno-cardoso\/\",\"name\":\"Bruno Cardoso - iMM Alumni Community\",\"isPartOf\":{\"@id\":\"https:\/\/alumni.imm.medicina.ulisboa.pt\/en\/#website\"},\"primaryImageOfPage\":{\"@id\":\"https:\/\/alumni.imm.medicina.ulisboa.pt\/members\/bruno-cardoso\/#primaryimage\"},\"datePublished\":\"2022-09-06T10:55:54+00:00\",\"dateModified\":\"2022-09-08T10:25:43+00:00\",\"breadcrumb\":{\"@id\":\"https:\/\/alumni.imm.medicina.ulisboa.pt\/members\/bruno-cardoso\/#breadcrumb\"},\"inLanguage\":\"en-US\",\"potentialAction\":[{\"@type\":\"ReadAction\",\"target\":[\"https:\/\/alumni.imm.medicina.ulisboa.pt\/members\/bruno-cardoso\/\"]}]},{\"@type\":\"BreadcrumbList\",\"@id\":\"https:\/\/alumni.imm.medicina.ulisboa.pt\/members\/bruno-cardoso\/#breadcrumb\",\"itemListElement\":[{\"@type\":\"ListItem\",\"position\":1,\"name\":\"In\\u00edcio\",\"item\":\"https:\/\/alumni.imm.medicina.ulisboa.pt\/\"},{\"@type\":\"ListItem\",\"position\":2,\"name\":\"Members\",\"item\":\"https:\/\/alumni.imm.medicina.ulisboa.pt\/members\/\"},{\"@type\":\"ListItem\",\"position\":3,\"name\":\"Bruno Cardoso\"}]}]}<\/script>\n<!-- \/ Yoast SEO plugin. -->","yoast_head_json":{"title":"Bruno Cardoso - iMM Alumni Community","robots":{"index":"index","follow":"follow","max-snippet":"max-snippet:-1","max-image-preview":"max-image-preview:large","max-video-preview":"max-video-preview:-1"},"canonical":"https:\/\/alumni.imm.medicina.ulisboa.pt\/members\/bruno-cardoso\/","og_locale":"en_US","og_type":"article","og_title":"Bruno Cardoso - iMM Alumni Community","og_description":"Bruno Cardoso . Biosketch This incredible journey through Science started at Faculdade de Ci\u00eancias da Universidade de Lisboa (FCUL) where I graduated in Genetics and Microbiology (2005). Following a very interesting internship with Jo\u00e3o Barata I join his lab and started my PhD on T-cell Acute Lymphoblastic Leukemia (T-ALL) in January 2006. The PhD was &hellip; Continued","og_url":"https:\/\/alumni.imm.medicina.ulisboa.pt\/members\/bruno-cardoso\/","og_site_name":"iMM Alumni Community","article_modified_time":"2022-09-08T10:25:43+00:00","og_image":[{"url":"https:\/\/alumni.imm.medicina.ulisboa.pt\/wp-content\/uploads\/sites\/33\/2022\/09\/Bruno-Cardoso-1-757x1024.png"}],"twitter_card":"summary_large_image","twitter_misc":{"Est. reading time":"2 minutes"},"schema":{"@context":"https:\/\/schema.org","@graph":[{"@type":"WebSite","@id":"https:\/\/alumni.imm.medicina.ulisboa.pt\/en\/#website","url":"https:\/\/alumni.imm.medicina.ulisboa.pt\/en\/","name":"iMM Alumni Community","description":"","potentialAction":[{"@type":"SearchAction","target":{"@type":"EntryPoint","urlTemplate":"https:\/\/alumni.imm.medicina.ulisboa.pt\/en\/?s={search_term_string}"},"query-input":"required name=search_term_string"}],"inLanguage":"en-US"},{"@type":"ImageObject","@id":"https:\/\/alumni.imm.medicina.ulisboa.pt\/members\/bruno-cardoso\/#primaryimage","inLanguage":"en-US","url":"https:\/\/alumni.imm.medicina.ulisboa.pt\/wp-content\/uploads\/sites\/33\/2022\/09\/Bruno-Cardoso-1-757x1024.png","contentUrl":"https:\/\/alumni.imm.medicina.ulisboa.pt\/wp-content\/uploads\/sites\/33\/2022\/09\/Bruno-Cardoso-1-757x1024.png"},{"@type":"WebPage","@id":"https:\/\/alumni.imm.medicina.ulisboa.pt\/members\/bruno-cardoso\/#webpage","url":"https:\/\/alumni.imm.medicina.ulisboa.pt\/members\/bruno-cardoso\/","name":"Bruno Cardoso - iMM Alumni Community","isPartOf":{"@id":"https:\/\/alumni.imm.medicina.ulisboa.pt\/en\/#website"},"primaryImageOfPage":{"@id":"https:\/\/alumni.imm.medicina.ulisboa.pt\/members\/bruno-cardoso\/#primaryimage"},"datePublished":"2022-09-06T10:55:54+00:00","dateModified":"2022-09-08T10:25:43+00:00","breadcrumb":{"@id":"https:\/\/alumni.imm.medicina.ulisboa.pt\/members\/bruno-cardoso\/#breadcrumb"},"inLanguage":"en-US","potentialAction":[{"@type":"ReadAction","target":["https:\/\/alumni.imm.medicina.ulisboa.pt\/members\/bruno-cardoso\/"]}]},{"@type":"BreadcrumbList","@id":"https:\/\/alumni.imm.medicina.ulisboa.pt\/members\/bruno-cardoso\/#breadcrumb","itemListElement":[{"@type":"ListItem","position":1,"name":"In\u00edcio","item":"https:\/\/alumni.imm.medicina.ulisboa.pt\/"},{"@type":"ListItem","position":2,"name":"Members","item":"https:\/\/alumni.imm.medicina.ulisboa.pt\/members\/"},{"@type":"ListItem","position":3,"name":"Bruno Cardoso"}]}]}},"_links":{"self":[{"href":"https:\/\/alumni.imm.medicina.ulisboa.pt\/en\/wp-json\/wp\/v2\/pages\/215"}],"collection":[{"href":"https:\/\/alumni.imm.medicina.ulisboa.pt\/en\/wp-json\/wp\/v2\/pages"}],"about":[{"href":"https:\/\/alumni.imm.medicina.ulisboa.pt\/en\/wp-json\/wp\/v2\/types\/page"}],"author":[{"embeddable":true,"href":"https:\/\/alumni.imm.medicina.ulisboa.pt\/en\/wp-json\/wp\/v2\/users\/13"}],"replies":[{"embeddable":true,"href":"https:\/\/alumni.imm.medicina.ulisboa.pt\/en\/wp-json\/wp\/v2\/comments?post=215"}],"version-history":[{"count":2,"href":"https:\/\/alumni.imm.medicina.ulisboa.pt\/en\/wp-json\/wp\/v2\/pages\/215\/revisions"}],"predecessor-version":[{"id":395,"href":"https:\/\/alumni.imm.medicina.ulisboa.pt\/en\/wp-json\/wp\/v2\/pages\/215\/revisions\/395"}],"up":[{"embeddable":true,"href":"https:\/\/alumni.imm.medicina.ulisboa.pt\/en\/wp-json\/wp\/v2\/pages\/15"}],"wp:attachment":[{"href":"https:\/\/alumni.imm.medicina.ulisboa.pt\/en\/wp-json\/wp\/v2\/media?parent=215"}],"curies":[{"name":"wp","href":"https:\/\/api.w.org\/{rel}","templated":true}]}}