{"id":257,"date":"2022-09-07T10:27:05","date_gmt":"2022-09-07T10:27:05","guid":{"rendered":"https:\/\/alumni.imm.medicina.ulisboa.pt\/?page_id=257"},"modified":"2022-09-08T10:30:37","modified_gmt":"2022-09-08T10:30:37","slug":"ines-lopes","status":"publish","type":"page","link":"https:\/\/alumni.imm.medicina.ulisboa.pt\/members\/ines-lopes\/","title":{"rendered":"In\u00eas Lopes"},"content":{"rendered":"\n<p class=\"has-text-align-center\" style=\"font-size:40px\"><strong>In\u00eas Lopes<\/strong><\/p>\n\n\n\n<p class=\"has-white-color has-text-color\">.<\/p>\n\n\n\n<div class=\"wp-block-columns\">\n<div class=\"wp-block-column\">\n<div class=\"wp-block-image\"><figure class=\"aligncenter size-large is-resized\"><img loading=\"lazy\" src=\"https:\/\/alumni.imm.medicina.ulisboa.pt\/wp-content\/uploads\/sites\/33\/2022\/09\/Ines-Lopes-1-613x1024.png\" alt=\"\" class=\"wp-image-262\" width=\"307\" height=\"512\" srcset=\"https:\/\/alumni.imm.medicina.ulisboa.pt\/wp-content\/uploads\/sites\/33\/2022\/09\/Ines-Lopes-1-613x1024.png 613w, https:\/\/alumni.imm.medicina.ulisboa.pt\/wp-content\/uploads\/sites\/33\/2022\/09\/Ines-Lopes-1-180x300.png 180w, https:\/\/alumni.imm.medicina.ulisboa.pt\/wp-content\/uploads\/sites\/33\/2022\/09\/Ines-Lopes-1-768x1283.png 768w, https:\/\/alumni.imm.medicina.ulisboa.pt\/wp-content\/uploads\/sites\/33\/2022\/09\/Ines-Lopes-1-919x1536.png 919w, https:\/\/alumni.imm.medicina.ulisboa.pt\/wp-content\/uploads\/sites\/33\/2022\/09\/Ines-Lopes-1-1226x2048.png 1226w, https:\/\/alumni.imm.medicina.ulisboa.pt\/wp-content\/uploads\/sites\/33\/2022\/09\/Ines-Lopes-1.png 1776w\" sizes=\"(max-width: 307px) 100vw, 307px\" \/><\/figure><\/div>\n<\/div>\n\n\n\n<div class=\"wp-block-column\">\n<p class=\"has-text-color\" style=\"color:#00c6a5;font-size:25px\"><strong>Biosketch<\/strong><\/p>\n\n\n\n<p>I graduated from Instituto Superior T\u00e9cnico in early 2021 (would have been 2020 if it weren&#8217;t for Covid-caused delays), where I did my Integrated Masters in Biological Engineering. There I developed a solid background in the engineering world and could learn a great deal about the complex biological systems and their interactions within our world. I also realized during my studies that I was drawn to fields such as data analysis, bioinformatics, and biochemistry.<\/p>\n\n\n\n<p class=\"has-text-color\" style=\"color:#00c6a5;font-size:25px\"><strong>Testimony<\/strong><\/p>\n\n\n\n<p>My experience with iMM started with a collaboration between the Institute and my University, called CoLabs. This was an internship that lasted for a semester and, afterwards, I had the chance to continue with my internship for the summer. Through this experience, I had the chance to work with Dr. Lu\u00edsa Figueiredo and Dr. Sara Silva Pereira, and learn a great deal about how to use bioinformatic tools to analyze large data sets, namely, transcriptomic data. <\/p>\n\n\n\n<p>I experienced firsthand how the right tools and algorithms can make sense of a condensed dataset and bring to light important results, which could hint at future steps in the project. It was definitely an exciting task and it provided me with skills that I hope to carry with me in the future.<\/p>\n<\/div>\n<\/div>\n\n\n\n<div class=\"wp-block-columns\">\n<div class=\"wp-block-column\" style=\"flex-basis:25%\"><\/div>\n\n\n\n<div class=\"wp-block-column\" style=\"flex-basis:50%\"><\/div>\n\n\n\n<div class=\"wp-block-column\" style=\"flex-basis:25%\">\n<figure class=\"wp-block-image size-full\"><a href=\"https:\/\/alumni.imm.medicina.ulisboa.pt\/members\/ines-perpetuo\/\"><img loading=\"lazy\" width=\"512\" height=\"512\" src=\"http:\/\/alumni.imm.medicina.ulisboa.pt\/wp-content\/uploads\/sites\/33\/2022\/09\/Icone-Next.png\" alt=\"\" class=\"wp-image-381\" srcset=\"https:\/\/alumni.imm.medicina.ulisboa.pt\/wp-content\/uploads\/sites\/33\/2022\/09\/Icone-Next.png 512w, https:\/\/alumni.imm.medicina.ulisboa.pt\/wp-content\/uploads\/sites\/33\/2022\/09\/Icone-Next-300x300.png 300w, https:\/\/alumni.imm.medicina.ulisboa.pt\/wp-content\/uploads\/sites\/33\/2022\/09\/Icone-Next-150x150.png 150w\" sizes=\"(max-width: 512px) 100vw, 512px\" \/><\/a><\/figure>\n<\/div>\n<\/div>\n","protected":false},"excerpt":{"rendered":"<p>In\u00eas Lopes . Biosketch I graduated from Instituto Superior T\u00e9cnico in early 2021 (would have been 2020 if it weren&#8217;t for Covid-caused delays), where I did my Integrated Masters in Biological Engineering. There I developed a solid background in the engineering world and could learn a great deal about the complex biological systems and their &hellip; <a href=\"https:\/\/alumni.imm.medicina.ulisboa.pt\/members\/ines-lopes\/\">Continued<\/a><\/p>\n","protected":false},"author":13,"featured_media":0,"parent":15,"menu_order":0,"comment_status":"closed","ping_status":"closed","template":"views\/template-900.blade.php","meta":[],"yoast_head":"<!-- This site is optimized with the Yoast SEO plugin v17.4 - https:\/\/yoast.com\/wordpress\/plugins\/seo\/ -->\n<title>In\u00eas Lopes - iMM Alumni Community<\/title>\n<meta name=\"robots\" content=\"index, follow, max-snippet:-1, max-image-preview:large, max-video-preview:-1\" \/>\n<link rel=\"canonical\" href=\"https:\/\/alumni.imm.medicina.ulisboa.pt\/members\/ines-lopes\/\" \/>\n<meta property=\"og:locale\" content=\"en_US\" \/>\n<meta property=\"og:type\" content=\"article\" \/>\n<meta property=\"og:title\" content=\"In\u00eas Lopes - iMM Alumni Community\" \/>\n<meta property=\"og:description\" content=\"In\u00eas Lopes . Biosketch I graduated from Instituto Superior T\u00e9cnico in early 2021 (would have been 2020 if it weren&#8217;t for Covid-caused delays), where I did my Integrated Masters in Biological Engineering. There I developed a solid background in the engineering world and could learn a great deal about the complex biological systems and their &hellip; Continued\" \/>\n<meta property=\"og:url\" content=\"https:\/\/alumni.imm.medicina.ulisboa.pt\/members\/ines-lopes\/\" \/>\n<meta property=\"og:site_name\" content=\"iMM Alumni Community\" \/>\n<meta property=\"article:modified_time\" content=\"2022-09-08T10:30:37+00:00\" \/>\n<meta property=\"og:image\" content=\"https:\/\/alumni.imm.medicina.ulisboa.pt\/wp-content\/uploads\/sites\/33\/2022\/09\/Ines-Lopes-1-613x1024.png\" \/>\n<meta name=\"twitter:card\" content=\"summary_large_image\" \/>\n<meta name=\"twitter:label1\" content=\"Est. reading time\" \/>\n\t<meta name=\"twitter:data1\" content=\"2 minutes\" \/>\n<script type=\"application\/ld+json\" class=\"yoast-schema-graph\">{\"@context\":\"https:\/\/schema.org\",\"@graph\":[{\"@type\":\"WebSite\",\"@id\":\"https:\/\/alumni.imm.medicina.ulisboa.pt\/en\/#website\",\"url\":\"https:\/\/alumni.imm.medicina.ulisboa.pt\/en\/\",\"name\":\"iMM Alumni Community\",\"description\":\"\",\"potentialAction\":[{\"@type\":\"SearchAction\",\"target\":{\"@type\":\"EntryPoint\",\"urlTemplate\":\"https:\/\/alumni.imm.medicina.ulisboa.pt\/en\/?s={search_term_string}\"},\"query-input\":\"required name=search_term_string\"}],\"inLanguage\":\"en-US\"},{\"@type\":\"ImageObject\",\"@id\":\"https:\/\/alumni.imm.medicina.ulisboa.pt\/members\/ines-lopes\/#primaryimage\",\"inLanguage\":\"en-US\",\"url\":\"https:\/\/alumni.imm.medicina.ulisboa.pt\/wp-content\/uploads\/sites\/33\/2022\/09\/Ines-Lopes-1.png\",\"contentUrl\":\"https:\/\/alumni.imm.medicina.ulisboa.pt\/wp-content\/uploads\/sites\/33\/2022\/09\/Ines-Lopes-1.png\",\"width\":1776,\"height\":2967},{\"@type\":\"WebPage\",\"@id\":\"https:\/\/alumni.imm.medicina.ulisboa.pt\/members\/ines-lopes\/#webpage\",\"url\":\"https:\/\/alumni.imm.medicina.ulisboa.pt\/members\/ines-lopes\/\",\"name\":\"In\\u00eas Lopes - iMM Alumni Community\",\"isPartOf\":{\"@id\":\"https:\/\/alumni.imm.medicina.ulisboa.pt\/en\/#website\"},\"primaryImageOfPage\":{\"@id\":\"https:\/\/alumni.imm.medicina.ulisboa.pt\/members\/ines-lopes\/#primaryimage\"},\"datePublished\":\"2022-09-07T10:27:05+00:00\",\"dateModified\":\"2022-09-08T10:30:37+00:00\",\"breadcrumb\":{\"@id\":\"https:\/\/alumni.imm.medicina.ulisboa.pt\/members\/ines-lopes\/#breadcrumb\"},\"inLanguage\":\"en-US\",\"potentialAction\":[{\"@type\":\"ReadAction\",\"target\":[\"https:\/\/alumni.imm.medicina.ulisboa.pt\/members\/ines-lopes\/\"]}]},{\"@type\":\"BreadcrumbList\",\"@id\":\"https:\/\/alumni.imm.medicina.ulisboa.pt\/members\/ines-lopes\/#breadcrumb\",\"itemListElement\":[{\"@type\":\"ListItem\",\"position\":1,\"name\":\"In\\u00edcio\",\"item\":\"https:\/\/alumni.imm.medicina.ulisboa.pt\/\"},{\"@type\":\"ListItem\",\"position\":2,\"name\":\"Members\",\"item\":\"https:\/\/alumni.imm.medicina.ulisboa.pt\/members\/\"},{\"@type\":\"ListItem\",\"position\":3,\"name\":\"In\\u00eas Lopes\"}]}]}<\/script>\n<!-- \/ Yoast SEO plugin. -->","yoast_head_json":{"title":"In\u00eas Lopes - iMM Alumni Community","robots":{"index":"index","follow":"follow","max-snippet":"max-snippet:-1","max-image-preview":"max-image-preview:large","max-video-preview":"max-video-preview:-1"},"canonical":"https:\/\/alumni.imm.medicina.ulisboa.pt\/members\/ines-lopes\/","og_locale":"en_US","og_type":"article","og_title":"In\u00eas Lopes - iMM Alumni Community","og_description":"In\u00eas Lopes . Biosketch I graduated from Instituto Superior T\u00e9cnico in early 2021 (would have been 2020 if it weren&#8217;t for Covid-caused delays), where I did my Integrated Masters in Biological Engineering. There I developed a solid background in the engineering world and could learn a great deal about the complex biological systems and their &hellip; Continued","og_url":"https:\/\/alumni.imm.medicina.ulisboa.pt\/members\/ines-lopes\/","og_site_name":"iMM Alumni Community","article_modified_time":"2022-09-08T10:30:37+00:00","og_image":[{"url":"https:\/\/alumni.imm.medicina.ulisboa.pt\/wp-content\/uploads\/sites\/33\/2022\/09\/Ines-Lopes-1-613x1024.png"}],"twitter_card":"summary_large_image","twitter_misc":{"Est. reading time":"2 minutes"},"schema":{"@context":"https:\/\/schema.org","@graph":[{"@type":"WebSite","@id":"https:\/\/alumni.imm.medicina.ulisboa.pt\/en\/#website","url":"https:\/\/alumni.imm.medicina.ulisboa.pt\/en\/","name":"iMM Alumni Community","description":"","potentialAction":[{"@type":"SearchAction","target":{"@type":"EntryPoint","urlTemplate":"https:\/\/alumni.imm.medicina.ulisboa.pt\/en\/?s={search_term_string}"},"query-input":"required name=search_term_string"}],"inLanguage":"en-US"},{"@type":"ImageObject","@id":"https:\/\/alumni.imm.medicina.ulisboa.pt\/members\/ines-lopes\/#primaryimage","inLanguage":"en-US","url":"https:\/\/alumni.imm.medicina.ulisboa.pt\/wp-content\/uploads\/sites\/33\/2022\/09\/Ines-Lopes-1.png","contentUrl":"https:\/\/alumni.imm.medicina.ulisboa.pt\/wp-content\/uploads\/sites\/33\/2022\/09\/Ines-Lopes-1.png","width":1776,"height":2967},{"@type":"WebPage","@id":"https:\/\/alumni.imm.medicina.ulisboa.pt\/members\/ines-lopes\/#webpage","url":"https:\/\/alumni.imm.medicina.ulisboa.pt\/members\/ines-lopes\/","name":"In\u00eas Lopes - iMM Alumni Community","isPartOf":{"@id":"https:\/\/alumni.imm.medicina.ulisboa.pt\/en\/#website"},"primaryImageOfPage":{"@id":"https:\/\/alumni.imm.medicina.ulisboa.pt\/members\/ines-lopes\/#primaryimage"},"datePublished":"2022-09-07T10:27:05+00:00","dateModified":"2022-09-08T10:30:37+00:00","breadcrumb":{"@id":"https:\/\/alumni.imm.medicina.ulisboa.pt\/members\/ines-lopes\/#breadcrumb"},"inLanguage":"en-US","potentialAction":[{"@type":"ReadAction","target":["https:\/\/alumni.imm.medicina.ulisboa.pt\/members\/ines-lopes\/"]}]},{"@type":"BreadcrumbList","@id":"https:\/\/alumni.imm.medicina.ulisboa.pt\/members\/ines-lopes\/#breadcrumb","itemListElement":[{"@type":"ListItem","position":1,"name":"In\u00edcio","item":"https:\/\/alumni.imm.medicina.ulisboa.pt\/"},{"@type":"ListItem","position":2,"name":"Members","item":"https:\/\/alumni.imm.medicina.ulisboa.pt\/members\/"},{"@type":"ListItem","position":3,"name":"In\u00eas Lopes"}]}]}},"_links":{"self":[{"href":"https:\/\/alumni.imm.medicina.ulisboa.pt\/en\/wp-json\/wp\/v2\/pages\/257"}],"collection":[{"href":"https:\/\/alumni.imm.medicina.ulisboa.pt\/en\/wp-json\/wp\/v2\/pages"}],"about":[{"href":"https:\/\/alumni.imm.medicina.ulisboa.pt\/en\/wp-json\/wp\/v2\/types\/page"}],"author":[{"embeddable":true,"href":"https:\/\/alumni.imm.medicina.ulisboa.pt\/en\/wp-json\/wp\/v2\/users\/13"}],"replies":[{"embeddable":true,"href":"https:\/\/alumni.imm.medicina.ulisboa.pt\/en\/wp-json\/wp\/v2\/comments?post=257"}],"version-history":[{"count":2,"href":"https:\/\/alumni.imm.medicina.ulisboa.pt\/en\/wp-json\/wp\/v2\/pages\/257\/revisions"}],"predecessor-version":[{"id":407,"href":"https:\/\/alumni.imm.medicina.ulisboa.pt\/en\/wp-json\/wp\/v2\/pages\/257\/revisions\/407"}],"up":[{"embeddable":true,"href":"https:\/\/alumni.imm.medicina.ulisboa.pt\/en\/wp-json\/wp\/v2\/pages\/15"}],"wp:attachment":[{"href":"https:\/\/alumni.imm.medicina.ulisboa.pt\/en\/wp-json\/wp\/v2\/media?parent=257"}],"curies":[{"name":"wp","href":"https:\/\/api.w.org\/{rel}","templated":true}]}}