{"id":258,"date":"2022-09-07T10:30:54","date_gmt":"2022-09-07T10:30:54","guid":{"rendered":"https:\/\/alumni.imm.medicina.ulisboa.pt\/?page_id=258"},"modified":"2022-09-25T13:06:42","modified_gmt":"2022-09-25T13:06:42","slug":"ines-perpetuo","status":"publish","type":"page","link":"https:\/\/alumni.imm.medicina.ulisboa.pt\/members\/ines-perpetuo\/","title":{"rendered":"In\u00eas Perp\u00e9tuo"},"content":{"rendered":"\n<p class=\"has-text-align-center\" style=\"font-size:40px\"><strong>In\u00eas Perp\u00e9tuo<\/strong><\/p>\n\n\n\n<p class=\"has-white-color has-text-color\">.<\/p>\n\n\n\n<div class=\"wp-block-columns\">\n<div class=\"wp-block-column\">\n<div class=\"wp-block-image\"><figure class=\"aligncenter size-large is-resized\"><img loading=\"lazy\" src=\"https:\/\/alumni.imm.medicina.ulisboa.pt\/wp-content\/uploads\/sites\/33\/2022\/09\/Ines-Perpetuo-1-845x1024.png\" alt=\"\" class=\"wp-image-264\" width=\"423\" height=\"512\" srcset=\"https:\/\/alumni.imm.medicina.ulisboa.pt\/wp-content\/uploads\/sites\/33\/2022\/09\/Ines-Perpetuo-1-845x1024.png 845w, https:\/\/alumni.imm.medicina.ulisboa.pt\/wp-content\/uploads\/sites\/33\/2022\/09\/Ines-Perpetuo-1-248x300.png 248w, https:\/\/alumni.imm.medicina.ulisboa.pt\/wp-content\/uploads\/sites\/33\/2022\/09\/Ines-Perpetuo-1-768x930.png 768w, https:\/\/alumni.imm.medicina.ulisboa.pt\/wp-content\/uploads\/sites\/33\/2022\/09\/Ines-Perpetuo-1-1268x1536.png 1268w, https:\/\/alumni.imm.medicina.ulisboa.pt\/wp-content\/uploads\/sites\/33\/2022\/09\/Ines-Perpetuo-1-1690x2048.png 1690w\" sizes=\"(max-width: 423px) 100vw, 423px\" \/><\/figure><\/div>\n<\/div>\n\n\n\n<div class=\"wp-block-column\">\n<p class=\"has-text-color\" style=\"color:#00c6a5;font-size:25px\"><strong>Biosketch<\/strong><\/p>\n\n\n\n<p>I am a Consultant for Researcher Development at the Postdocs and Fellows Development Centre, Imperial College London. I have 10 years of research experience in immunology and bone cell biology, co-authored 14 papers, and presented my research at 15 conferences. I did a BSc in Genetics and Microbiology (2003-2007), a MSc in Genetics and Molecular Biology (2007-2009) from Faculdade de Ci\u00eancias (ULisboa), and a PhD in Cellular and Molecular Biology 2011-2015) from Faculdade de Medicina (ULisboa). <\/p>\n\n\n\n<p>Both during my MSc and PhD I worked with the Rheumatology Research Unit (Jo\u00e3o Eurico\u2019s Lab) at iMM. My research focused on rheumatic diseases, therapies, and their effect in bone cell percursors (monocytes). I developed a range of communication and organising skills by working in a translational unit with clinicians, engineers, and other biologists. I was a member of the iMM PhD committee and a PhD representative from 2012-2014. I moved to London, UK to do my postdoc on bone cell activity in mammalian species (2015-2018) at the Royal Veterinary College. I was a part of the Researcher Association, representing fixed term contract researchers (postdocs and technicians) within committees, understanding their career progression needs, and working HR to create skill development training opportunities. <\/p>\n\n\n\n<p>I had been planning my transition to outside research in academia since my PhD and secured a role as Advisor at the Postdocs and Fellows Development Centre (Imperial, 2018). In this role I started supporting postdocs and independent fellows on their career ambitions via individual appointments, developing of online materials, and developing new training sessions. As a consultant (since 2020) I am now responsible for delivering and developing training workshops on career progression, for the Imperial Postdocs and Fellows Enterprise Network, and for external opportunities for postdoc development.<\/p>\n\n\n\n<p class=\"has-text-color\" style=\"color:#00c6a5;font-size:25px\"><strong>Testimony<\/strong><\/p>\n\n\n\n<p>iMM was my home for 7 years of my life and I cherish the moments I spent there. I was trained in most of my research skills, but also in all the other competencies that I currently use in my role. I was part of the first cohort of the Lisbon Academic Medical Centre PhD Program (CAML was created in 2009). During my PhD I attended training sessions on communication and writing, I had to constantly use these while working with hospital staff as well as patients. <\/p>\n\n\n\n<p>I got involved with science communication activities like the European Researchers Night and the F\u00f3rum Ci\u00eancia Viva. As a PhD committee member, I co-organised the PhD meeting scientific and social programme for 2 years, as well as some of the Summer and Christmas parties. I met some of my mentors and role models at iMM. Marta Agostinho and In\u00eas Cris\u00f3stomo (training unit and PhD programme coordinators) were 2 of my major influences in my career choices. <\/p>\n\n\n\n<p>As a PhD representative, alongside my colleague Jo\u00e3o Freire, I was involved in major transitions during iMM\u2019s life \u2013 the Lisbon BioMed PhD Programme introduction (2012), and the start of iMM rebranding in 2014. At iMM I developed a wide network of contacts both within and outside academia which I still maintain and use to this day.<\/p>\n\n\n\n<p class=\"has-text-color\" style=\"color:#00c6a5;font-size:25px\"><strong>Contact<\/strong><\/p>\n\n\n\n<p><span style=\"text-decoration: underline;\"><a href=\"https:\/\/www.linkedin.com\/in\/inespedroperpetuo\/\" target=\"_blank\" rel=\"noreferrer noopener\">LinkedIn<\/a><\/span><\/p>\n<\/div>\n<\/div>\n\n\n\n<div class=\"wp-block-columns\">\n<div class=\"wp-block-column\" style=\"flex-basis:25%\"><\/div>\n\n\n\n<div class=\"wp-block-column\" style=\"flex-basis:50%\"><\/div>\n\n\n\n<div class=\"wp-block-column\" style=\"flex-basis:25%\">\n<figure class=\"wp-block-image size-full\"><a href=\"https:\/\/alumni.imm.medicina.ulisboa.pt\/members\/jagdish-parihar\/\"><img loading=\"lazy\" width=\"512\" height=\"512\" src=\"http:\/\/alumni.imm.medicina.ulisboa.pt\/wp-content\/uploads\/sites\/33\/2022\/09\/Icone-Next.png\" alt=\"\" class=\"wp-image-381\" srcset=\"https:\/\/alumni.imm.medicina.ulisboa.pt\/wp-content\/uploads\/sites\/33\/2022\/09\/Icone-Next.png 512w, https:\/\/alumni.imm.medicina.ulisboa.pt\/wp-content\/uploads\/sites\/33\/2022\/09\/Icone-Next-300x300.png 300w, https:\/\/alumni.imm.medicina.ulisboa.pt\/wp-content\/uploads\/sites\/33\/2022\/09\/Icone-Next-150x150.png 150w\" sizes=\"(max-width: 512px) 100vw, 512px\" \/><\/a><\/figure>\n<\/div>\n<\/div>\n","protected":false},"excerpt":{"rendered":"<p>In\u00eas Perp\u00e9tuo . Biosketch I am a Consultant for Researcher Development at the Postdocs and Fellows Development Centre, Imperial College London. I have 10 years of research experience in immunology and bone cell biology, co-authored 14 papers, and presented my research at 15 conferences. I did a BSc in Genetics and Microbiology (2003-2007), a MSc &hellip; <a href=\"https:\/\/alumni.imm.medicina.ulisboa.pt\/members\/ines-perpetuo\/\">Continued<\/a><\/p>\n","protected":false},"author":13,"featured_media":0,"parent":15,"menu_order":0,"comment_status":"closed","ping_status":"closed","template":"views\/template-900.blade.php","meta":[],"yoast_head":"<!-- This site is optimized with the Yoast SEO plugin v17.4 - https:\/\/yoast.com\/wordpress\/plugins\/seo\/ -->\n<title>In\u00eas Perp\u00e9tuo - iMM Alumni Community<\/title>\n<meta name=\"robots\" content=\"index, follow, max-snippet:-1, max-image-preview:large, max-video-preview:-1\" \/>\n<link rel=\"canonical\" href=\"https:\/\/alumni.imm.medicina.ulisboa.pt\/members\/ines-perpetuo\/\" \/>\n<meta property=\"og:locale\" content=\"en_US\" \/>\n<meta property=\"og:type\" content=\"article\" \/>\n<meta property=\"og:title\" content=\"In\u00eas Perp\u00e9tuo - iMM Alumni Community\" \/>\n<meta property=\"og:description\" content=\"In\u00eas Perp\u00e9tuo . Biosketch I am a Consultant for Researcher Development at the Postdocs and Fellows Development Centre, Imperial College London. I have 10 years of research experience in immunology and bone cell biology, co-authored 14 papers, and presented my research at 15 conferences. I did a BSc in Genetics and Microbiology (2003-2007), a MSc &hellip; Continued\" \/>\n<meta property=\"og:url\" content=\"https:\/\/alumni.imm.medicina.ulisboa.pt\/members\/ines-perpetuo\/\" \/>\n<meta property=\"og:site_name\" content=\"iMM Alumni Community\" \/>\n<meta property=\"article:modified_time\" content=\"2022-09-25T13:06:42+00:00\" \/>\n<meta property=\"og:image\" content=\"https:\/\/alumni.imm.medicina.ulisboa.pt\/wp-content\/uploads\/sites\/33\/2022\/09\/Ines-Perpetuo-1-845x1024.png\" \/>\n<meta name=\"twitter:card\" content=\"summary_large_image\" \/>\n<meta name=\"twitter:label1\" content=\"Est. reading time\" \/>\n\t<meta name=\"twitter:data1\" content=\"3 minutes\" \/>\n<script type=\"application\/ld+json\" class=\"yoast-schema-graph\">{\"@context\":\"https:\/\/schema.org\",\"@graph\":[{\"@type\":\"WebSite\",\"@id\":\"https:\/\/alumni.imm.medicina.ulisboa.pt\/en\/#website\",\"url\":\"https:\/\/alumni.imm.medicina.ulisboa.pt\/en\/\",\"name\":\"iMM Alumni Community\",\"description\":\"\",\"potentialAction\":[{\"@type\":\"SearchAction\",\"target\":{\"@type\":\"EntryPoint\",\"urlTemplate\":\"https:\/\/alumni.imm.medicina.ulisboa.pt\/en\/?s={search_term_string}\"},\"query-input\":\"required name=search_term_string\"}],\"inLanguage\":\"en-US\"},{\"@type\":\"ImageObject\",\"@id\":\"https:\/\/alumni.imm.medicina.ulisboa.pt\/members\/ines-perpetuo\/#primaryimage\",\"inLanguage\":\"en-US\",\"url\":\"https:\/\/alumni.imm.medicina.ulisboa.pt\/wp-content\/uploads\/sites\/33\/2022\/09\/Ines-Perpetuo-1.png\",\"contentUrl\":\"https:\/\/alumni.imm.medicina.ulisboa.pt\/wp-content\/uploads\/sites\/33\/2022\/09\/Ines-Perpetuo-1.png\",\"width\":2449,\"height\":2967},{\"@type\":\"WebPage\",\"@id\":\"https:\/\/alumni.imm.medicina.ulisboa.pt\/members\/ines-perpetuo\/#webpage\",\"url\":\"https:\/\/alumni.imm.medicina.ulisboa.pt\/members\/ines-perpetuo\/\",\"name\":\"In\\u00eas Perp\\u00e9tuo - iMM Alumni Community\",\"isPartOf\":{\"@id\":\"https:\/\/alumni.imm.medicina.ulisboa.pt\/en\/#website\"},\"primaryImageOfPage\":{\"@id\":\"https:\/\/alumni.imm.medicina.ulisboa.pt\/members\/ines-perpetuo\/#primaryimage\"},\"datePublished\":\"2022-09-07T10:30:54+00:00\",\"dateModified\":\"2022-09-25T13:06:42+00:00\",\"breadcrumb\":{\"@id\":\"https:\/\/alumni.imm.medicina.ulisboa.pt\/members\/ines-perpetuo\/#breadcrumb\"},\"inLanguage\":\"en-US\",\"potentialAction\":[{\"@type\":\"ReadAction\",\"target\":[\"https:\/\/alumni.imm.medicina.ulisboa.pt\/members\/ines-perpetuo\/\"]}]},{\"@type\":\"BreadcrumbList\",\"@id\":\"https:\/\/alumni.imm.medicina.ulisboa.pt\/members\/ines-perpetuo\/#breadcrumb\",\"itemListElement\":[{\"@type\":\"ListItem\",\"position\":1,\"name\":\"In\\u00edcio\",\"item\":\"https:\/\/alumni.imm.medicina.ulisboa.pt\/\"},{\"@type\":\"ListItem\",\"position\":2,\"name\":\"Members\",\"item\":\"https:\/\/alumni.imm.medicina.ulisboa.pt\/members\/\"},{\"@type\":\"ListItem\",\"position\":3,\"name\":\"In\\u00eas Perp\\u00e9tuo\"}]}]}<\/script>\n<!-- \/ Yoast SEO plugin. -->","yoast_head_json":{"title":"In\u00eas Perp\u00e9tuo - iMM Alumni Community","robots":{"index":"index","follow":"follow","max-snippet":"max-snippet:-1","max-image-preview":"max-image-preview:large","max-video-preview":"max-video-preview:-1"},"canonical":"https:\/\/alumni.imm.medicina.ulisboa.pt\/members\/ines-perpetuo\/","og_locale":"en_US","og_type":"article","og_title":"In\u00eas Perp\u00e9tuo - iMM Alumni Community","og_description":"In\u00eas Perp\u00e9tuo . Biosketch I am a Consultant for Researcher Development at the Postdocs and Fellows Development Centre, Imperial College London. I have 10 years of research experience in immunology and bone cell biology, co-authored 14 papers, and presented my research at 15 conferences. I did a BSc in Genetics and Microbiology (2003-2007), a MSc &hellip; Continued","og_url":"https:\/\/alumni.imm.medicina.ulisboa.pt\/members\/ines-perpetuo\/","og_site_name":"iMM Alumni Community","article_modified_time":"2022-09-25T13:06:42+00:00","og_image":[{"url":"https:\/\/alumni.imm.medicina.ulisboa.pt\/wp-content\/uploads\/sites\/33\/2022\/09\/Ines-Perpetuo-1-845x1024.png"}],"twitter_card":"summary_large_image","twitter_misc":{"Est. reading time":"3 minutes"},"schema":{"@context":"https:\/\/schema.org","@graph":[{"@type":"WebSite","@id":"https:\/\/alumni.imm.medicina.ulisboa.pt\/en\/#website","url":"https:\/\/alumni.imm.medicina.ulisboa.pt\/en\/","name":"iMM Alumni Community","description":"","potentialAction":[{"@type":"SearchAction","target":{"@type":"EntryPoint","urlTemplate":"https:\/\/alumni.imm.medicina.ulisboa.pt\/en\/?s={search_term_string}"},"query-input":"required name=search_term_string"}],"inLanguage":"en-US"},{"@type":"ImageObject","@id":"https:\/\/alumni.imm.medicina.ulisboa.pt\/members\/ines-perpetuo\/#primaryimage","inLanguage":"en-US","url":"https:\/\/alumni.imm.medicina.ulisboa.pt\/wp-content\/uploads\/sites\/33\/2022\/09\/Ines-Perpetuo-1.png","contentUrl":"https:\/\/alumni.imm.medicina.ulisboa.pt\/wp-content\/uploads\/sites\/33\/2022\/09\/Ines-Perpetuo-1.png","width":2449,"height":2967},{"@type":"WebPage","@id":"https:\/\/alumni.imm.medicina.ulisboa.pt\/members\/ines-perpetuo\/#webpage","url":"https:\/\/alumni.imm.medicina.ulisboa.pt\/members\/ines-perpetuo\/","name":"In\u00eas Perp\u00e9tuo - iMM Alumni Community","isPartOf":{"@id":"https:\/\/alumni.imm.medicina.ulisboa.pt\/en\/#website"},"primaryImageOfPage":{"@id":"https:\/\/alumni.imm.medicina.ulisboa.pt\/members\/ines-perpetuo\/#primaryimage"},"datePublished":"2022-09-07T10:30:54+00:00","dateModified":"2022-09-25T13:06:42+00:00","breadcrumb":{"@id":"https:\/\/alumni.imm.medicina.ulisboa.pt\/members\/ines-perpetuo\/#breadcrumb"},"inLanguage":"en-US","potentialAction":[{"@type":"ReadAction","target":["https:\/\/alumni.imm.medicina.ulisboa.pt\/members\/ines-perpetuo\/"]}]},{"@type":"BreadcrumbList","@id":"https:\/\/alumni.imm.medicina.ulisboa.pt\/members\/ines-perpetuo\/#breadcrumb","itemListElement":[{"@type":"ListItem","position":1,"name":"In\u00edcio","item":"https:\/\/alumni.imm.medicina.ulisboa.pt\/"},{"@type":"ListItem","position":2,"name":"Members","item":"https:\/\/alumni.imm.medicina.ulisboa.pt\/members\/"},{"@type":"ListItem","position":3,"name":"In\u00eas Perp\u00e9tuo"}]}]}},"_links":{"self":[{"href":"https:\/\/alumni.imm.medicina.ulisboa.pt\/en\/wp-json\/wp\/v2\/pages\/258"}],"collection":[{"href":"https:\/\/alumni.imm.medicina.ulisboa.pt\/en\/wp-json\/wp\/v2\/pages"}],"about":[{"href":"https:\/\/alumni.imm.medicina.ulisboa.pt\/en\/wp-json\/wp\/v2\/types\/page"}],"author":[{"embeddable":true,"href":"https:\/\/alumni.imm.medicina.ulisboa.pt\/en\/wp-json\/wp\/v2\/users\/13"}],"replies":[{"embeddable":true,"href":"https:\/\/alumni.imm.medicina.ulisboa.pt\/en\/wp-json\/wp\/v2\/comments?post=258"}],"version-history":[{"count":3,"href":"https:\/\/alumni.imm.medicina.ulisboa.pt\/en\/wp-json\/wp\/v2\/pages\/258\/revisions"}],"predecessor-version":[{"id":544,"href":"https:\/\/alumni.imm.medicina.ulisboa.pt\/en\/wp-json\/wp\/v2\/pages\/258\/revisions\/544"}],"up":[{"embeddable":true,"href":"https:\/\/alumni.imm.medicina.ulisboa.pt\/en\/wp-json\/wp\/v2\/pages\/15"}],"wp:attachment":[{"href":"https:\/\/alumni.imm.medicina.ulisboa.pt\/en\/wp-json\/wp\/v2\/media?parent=258"}],"curies":[{"name":"wp","href":"https:\/\/api.w.org\/{rel}","templated":true}]}}