{"id":276,"date":"2022-09-07T12:34:02","date_gmt":"2022-09-07T12:34:02","guid":{"rendered":"https:\/\/alumni.imm.medicina.ulisboa.pt\/?page_id=276"},"modified":"2022-09-08T10:33:25","modified_gmt":"2022-09-08T10:33:25","slug":"jorge-joao","status":"publish","type":"page","link":"https:\/\/alumni.imm.medicina.ulisboa.pt\/members\/jorge-joao\/","title":{"rendered":"Jorge Jo\u00e3o"},"content":{"rendered":"\n<p class=\"has-text-align-center\" style=\"font-size:40px\"><strong>Jorge Jo\u00e3o<\/strong><\/p>\n\n\n\n<p class=\"has-white-color has-text-color\">.<\/p>\n\n\n\n<div class=\"wp-block-columns\">\n<div class=\"wp-block-column\">\n<figure class=\"wp-block-image size-large is-resized\"><img loading=\"lazy\" src=\"https:\/\/alumni.imm.medicina.ulisboa.pt\/wp-content\/uploads\/sites\/33\/2022\/09\/Jorge-Joao-1-665x1024.png\" alt=\"\" class=\"wp-image-293\" width=\"333\" height=\"512\" srcset=\"https:\/\/alumni.imm.medicina.ulisboa.pt\/wp-content\/uploads\/sites\/33\/2022\/09\/Jorge-Joao-1-665x1024.png 665w, https:\/\/alumni.imm.medicina.ulisboa.pt\/wp-content\/uploads\/sites\/33\/2022\/09\/Jorge-Joao-1-195x300.png 195w, https:\/\/alumni.imm.medicina.ulisboa.pt\/wp-content\/uploads\/sites\/33\/2022\/09\/Jorge-Joao-1-768x1182.png 768w, https:\/\/alumni.imm.medicina.ulisboa.pt\/wp-content\/uploads\/sites\/33\/2022\/09\/Jorge-Joao-1-998x1536.png 998w, https:\/\/alumni.imm.medicina.ulisboa.pt\/wp-content\/uploads\/sites\/33\/2022\/09\/Jorge-Joao-1-1331x2048.png 1331w, https:\/\/alumni.imm.medicina.ulisboa.pt\/wp-content\/uploads\/sites\/33\/2022\/09\/Jorge-Joao-1.png 1928w\" sizes=\"(max-width: 333px) 100vw, 333px\" \/><\/figure>\n<\/div>\n\n\n\n<div class=\"wp-block-column\">\n<p class=\"has-text-color\" style=\"color:#00c6a5;font-size:25px\"><strong>Biosketch<\/strong><\/p>\n\n\n\n<p>Jorge Jo\u00e3o was born in 1995 in Lisbon Portugal. He completed the Bachelor\u2019s Degree in Health Sciences at Universidade de Lisboa in 2016 and the Master\u2019s Degree in Biotechnology at Instituto Superior T\u00e9cnico \u2013 Universidade de Lisboa (IST-ULisboa) in 2018. His Master\u2019s Thesis was developed in the BioEngineering Research Group (BERG) from the Institute for Bioengineering and Biosciences (iBB) at IST-ULisboa in partnership with the biotechnological company TechnoPhage. <\/p>\n\n\n\n<p>The research objective was to develop an efficient and scalable process for production of bacteriophages with therapeutic applications. Currently, Jorge is a PhD student in Biotechnology and Biosciences (BIOTECnico FCT-PhD Programme) also at BERG-iBB-IST-ULisboa and his research project is focused on the biomanufacturing of protein nanocages for drug delivery. Jorge\u2019s research interests are based on the area of Biotechnology and Bioengineering associated with the Health Sciences. As a curiosity, besides science, photography is one of his passions.<\/p>\n\n\n\n<p class=\"has-text-color\" style=\"color:#00c6a5;font-size:25px\"><strong>Testimony<\/strong><\/p>\n\n\n\n<p>During my academic career so far, I have worked twice at iMM under quite different circumstances. The first time was in 2015-2016 within the scope of my Bachelor\u2019s Degree. I did a voluntary extracurricular internship in the scientific area of Molecular Microbiology and Infection at the research laboratory of Professor M\u00e1rio Ramirez. It was my first serious contact with a research laboratory, and it was possible to get to know the day-to-day of scientists better. Additionally, I realized that scientific research would be something to consider in my future. <\/p>\n\n\n\n<p>I learned a lot and today I can say without a doubt that these months were crucial for my entry into the world of science. The second time was in 2017 as part of my Master&#8217;s Thesis and I was in the laboratories of the TechnoPhage Company. In addition to having acquired new knowledge, I met incredible people who helped me a lot throughout this academic stage. I found all the available infrastructures quite interesting as well as the entire scientific environment (and not only) that is lived within the iMM. In short, my time at iMM will always influence my scientific career!<\/p>\n\n\n\n<p class=\"has-text-color\" style=\"color:#00c6a5;font-size:25px\"><strong>Contact<\/strong><\/p>\n\n\n\n<p><span style=\"text-decoration: underline;\"><a href=\"https:\/\/www.linkedin.com\/in\/jorgefsjoao\/\" target=\"_blank\" rel=\"noreferrer noopener\">LinkedIn<\/a><\/span><\/p>\n<\/div>\n<\/div>\n\n\n\n<div class=\"wp-block-columns\">\n<div class=\"wp-block-column\" style=\"flex-basis:25%\"><\/div>\n\n\n\n<div class=\"wp-block-column\" style=\"flex-basis:50%\"><\/div>\n\n\n\n<div class=\"wp-block-column\" style=\"flex-basis:25%\">\n<figure class=\"wp-block-image size-full\"><a href=\"https:\/\/alumni.imm.medicina.ulisboa.pt\/members\/juan-verjan\/\"><img loading=\"lazy\" width=\"512\" height=\"512\" src=\"http:\/\/alumni.imm.medicina.ulisboa.pt\/wp-content\/uploads\/sites\/33\/2022\/09\/Icone-Next.png\" alt=\"\" class=\"wp-image-381\" srcset=\"https:\/\/alumni.imm.medicina.ulisboa.pt\/wp-content\/uploads\/sites\/33\/2022\/09\/Icone-Next.png 512w, https:\/\/alumni.imm.medicina.ulisboa.pt\/wp-content\/uploads\/sites\/33\/2022\/09\/Icone-Next-300x300.png 300w, https:\/\/alumni.imm.medicina.ulisboa.pt\/wp-content\/uploads\/sites\/33\/2022\/09\/Icone-Next-150x150.png 150w\" sizes=\"(max-width: 512px) 100vw, 512px\" \/><\/a><\/figure>\n<\/div>\n<\/div>\n","protected":false},"excerpt":{"rendered":"<p>Jorge Jo\u00e3o . Biosketch Jorge Jo\u00e3o was born in 1995 in Lisbon Portugal. He completed the Bachelor\u2019s Degree in Health Sciences at Universidade de Lisboa in 2016 and the Master\u2019s Degree in Biotechnology at Instituto Superior T\u00e9cnico \u2013 Universidade de Lisboa (IST-ULisboa) in 2018. His Master\u2019s Thesis was developed in the BioEngineering Research Group (BERG) &hellip; <a href=\"https:\/\/alumni.imm.medicina.ulisboa.pt\/members\/jorge-joao\/\">Continued<\/a><\/p>\n","protected":false},"author":13,"featured_media":0,"parent":15,"menu_order":0,"comment_status":"closed","ping_status":"closed","template":"views\/template-900.blade.php","meta":[],"yoast_head":"<!-- This site is optimized with the Yoast SEO plugin v17.4 - https:\/\/yoast.com\/wordpress\/plugins\/seo\/ -->\n<title>Jorge Jo\u00e3o - iMM Alumni Community<\/title>\n<meta name=\"robots\" content=\"index, follow, max-snippet:-1, max-image-preview:large, max-video-preview:-1\" \/>\n<link rel=\"canonical\" href=\"https:\/\/alumni.imm.medicina.ulisboa.pt\/members\/jorge-joao\/\" \/>\n<meta property=\"og:locale\" content=\"en_US\" \/>\n<meta property=\"og:type\" content=\"article\" \/>\n<meta property=\"og:title\" content=\"Jorge Jo\u00e3o - iMM Alumni Community\" \/>\n<meta property=\"og:description\" content=\"Jorge Jo\u00e3o . Biosketch Jorge Jo\u00e3o was born in 1995 in Lisbon Portugal. He completed the Bachelor\u2019s Degree in Health Sciences at Universidade de Lisboa in 2016 and the Master\u2019s Degree in Biotechnology at Instituto Superior T\u00e9cnico \u2013 Universidade de Lisboa (IST-ULisboa) in 2018. His Master\u2019s Thesis was developed in the BioEngineering Research Group (BERG) &hellip; Continued\" \/>\n<meta property=\"og:url\" content=\"https:\/\/alumni.imm.medicina.ulisboa.pt\/members\/jorge-joao\/\" \/>\n<meta property=\"og:site_name\" content=\"iMM Alumni Community\" \/>\n<meta property=\"article:modified_time\" content=\"2022-09-08T10:33:25+00:00\" \/>\n<meta property=\"og:image\" content=\"https:\/\/alumni.imm.medicina.ulisboa.pt\/wp-content\/uploads\/sites\/33\/2022\/09\/Jorge-Joao-1-665x1024.png\" \/>\n<meta name=\"twitter:card\" content=\"summary_large_image\" \/>\n<meta name=\"twitter:label1\" content=\"Est. reading time\" \/>\n\t<meta name=\"twitter:data1\" content=\"2 minutes\" \/>\n<script type=\"application\/ld+json\" class=\"yoast-schema-graph\">{\"@context\":\"https:\/\/schema.org\",\"@graph\":[{\"@type\":\"WebSite\",\"@id\":\"https:\/\/alumni.imm.medicina.ulisboa.pt\/en\/#website\",\"url\":\"https:\/\/alumni.imm.medicina.ulisboa.pt\/en\/\",\"name\":\"iMM Alumni Community\",\"description\":\"\",\"potentialAction\":[{\"@type\":\"SearchAction\",\"target\":{\"@type\":\"EntryPoint\",\"urlTemplate\":\"https:\/\/alumni.imm.medicina.ulisboa.pt\/en\/?s={search_term_string}\"},\"query-input\":\"required name=search_term_string\"}],\"inLanguage\":\"en-US\"},{\"@type\":\"ImageObject\",\"@id\":\"https:\/\/alumni.imm.medicina.ulisboa.pt\/members\/jorge-joao\/#primaryimage\",\"inLanguage\":\"en-US\",\"url\":\"https:\/\/alumni.imm.medicina.ulisboa.pt\/wp-content\/uploads\/sites\/33\/2022\/09\/Jorge-Joao-1.png\",\"contentUrl\":\"https:\/\/alumni.imm.medicina.ulisboa.pt\/wp-content\/uploads\/sites\/33\/2022\/09\/Jorge-Joao-1.png\",\"width\":1928,\"height\":2967},{\"@type\":\"WebPage\",\"@id\":\"https:\/\/alumni.imm.medicina.ulisboa.pt\/members\/jorge-joao\/#webpage\",\"url\":\"https:\/\/alumni.imm.medicina.ulisboa.pt\/members\/jorge-joao\/\",\"name\":\"Jorge Jo\\u00e3o - iMM Alumni Community\",\"isPartOf\":{\"@id\":\"https:\/\/alumni.imm.medicina.ulisboa.pt\/en\/#website\"},\"primaryImageOfPage\":{\"@id\":\"https:\/\/alumni.imm.medicina.ulisboa.pt\/members\/jorge-joao\/#primaryimage\"},\"datePublished\":\"2022-09-07T12:34:02+00:00\",\"dateModified\":\"2022-09-08T10:33:25+00:00\",\"breadcrumb\":{\"@id\":\"https:\/\/alumni.imm.medicina.ulisboa.pt\/members\/jorge-joao\/#breadcrumb\"},\"inLanguage\":\"en-US\",\"potentialAction\":[{\"@type\":\"ReadAction\",\"target\":[\"https:\/\/alumni.imm.medicina.ulisboa.pt\/members\/jorge-joao\/\"]}]},{\"@type\":\"BreadcrumbList\",\"@id\":\"https:\/\/alumni.imm.medicina.ulisboa.pt\/members\/jorge-joao\/#breadcrumb\",\"itemListElement\":[{\"@type\":\"ListItem\",\"position\":1,\"name\":\"In\\u00edcio\",\"item\":\"https:\/\/alumni.imm.medicina.ulisboa.pt\/\"},{\"@type\":\"ListItem\",\"position\":2,\"name\":\"Members\",\"item\":\"https:\/\/alumni.imm.medicina.ulisboa.pt\/members\/\"},{\"@type\":\"ListItem\",\"position\":3,\"name\":\"Jorge Jo\\u00e3o\"}]}]}<\/script>\n<!-- \/ Yoast SEO plugin. -->","yoast_head_json":{"title":"Jorge Jo\u00e3o - iMM Alumni Community","robots":{"index":"index","follow":"follow","max-snippet":"max-snippet:-1","max-image-preview":"max-image-preview:large","max-video-preview":"max-video-preview:-1"},"canonical":"https:\/\/alumni.imm.medicina.ulisboa.pt\/members\/jorge-joao\/","og_locale":"en_US","og_type":"article","og_title":"Jorge Jo\u00e3o - iMM Alumni Community","og_description":"Jorge Jo\u00e3o . Biosketch Jorge Jo\u00e3o was born in 1995 in Lisbon Portugal. He completed the Bachelor\u2019s Degree in Health Sciences at Universidade de Lisboa in 2016 and the Master\u2019s Degree in Biotechnology at Instituto Superior T\u00e9cnico \u2013 Universidade de Lisboa (IST-ULisboa) in 2018. His Master\u2019s Thesis was developed in the BioEngineering Research Group (BERG) &hellip; Continued","og_url":"https:\/\/alumni.imm.medicina.ulisboa.pt\/members\/jorge-joao\/","og_site_name":"iMM Alumni Community","article_modified_time":"2022-09-08T10:33:25+00:00","og_image":[{"url":"https:\/\/alumni.imm.medicina.ulisboa.pt\/wp-content\/uploads\/sites\/33\/2022\/09\/Jorge-Joao-1-665x1024.png"}],"twitter_card":"summary_large_image","twitter_misc":{"Est. reading time":"2 minutes"},"schema":{"@context":"https:\/\/schema.org","@graph":[{"@type":"WebSite","@id":"https:\/\/alumni.imm.medicina.ulisboa.pt\/en\/#website","url":"https:\/\/alumni.imm.medicina.ulisboa.pt\/en\/","name":"iMM Alumni Community","description":"","potentialAction":[{"@type":"SearchAction","target":{"@type":"EntryPoint","urlTemplate":"https:\/\/alumni.imm.medicina.ulisboa.pt\/en\/?s={search_term_string}"},"query-input":"required name=search_term_string"}],"inLanguage":"en-US"},{"@type":"ImageObject","@id":"https:\/\/alumni.imm.medicina.ulisboa.pt\/members\/jorge-joao\/#primaryimage","inLanguage":"en-US","url":"https:\/\/alumni.imm.medicina.ulisboa.pt\/wp-content\/uploads\/sites\/33\/2022\/09\/Jorge-Joao-1.png","contentUrl":"https:\/\/alumni.imm.medicina.ulisboa.pt\/wp-content\/uploads\/sites\/33\/2022\/09\/Jorge-Joao-1.png","width":1928,"height":2967},{"@type":"WebPage","@id":"https:\/\/alumni.imm.medicina.ulisboa.pt\/members\/jorge-joao\/#webpage","url":"https:\/\/alumni.imm.medicina.ulisboa.pt\/members\/jorge-joao\/","name":"Jorge Jo\u00e3o - iMM Alumni Community","isPartOf":{"@id":"https:\/\/alumni.imm.medicina.ulisboa.pt\/en\/#website"},"primaryImageOfPage":{"@id":"https:\/\/alumni.imm.medicina.ulisboa.pt\/members\/jorge-joao\/#primaryimage"},"datePublished":"2022-09-07T12:34:02+00:00","dateModified":"2022-09-08T10:33:25+00:00","breadcrumb":{"@id":"https:\/\/alumni.imm.medicina.ulisboa.pt\/members\/jorge-joao\/#breadcrumb"},"inLanguage":"en-US","potentialAction":[{"@type":"ReadAction","target":["https:\/\/alumni.imm.medicina.ulisboa.pt\/members\/jorge-joao\/"]}]},{"@type":"BreadcrumbList","@id":"https:\/\/alumni.imm.medicina.ulisboa.pt\/members\/jorge-joao\/#breadcrumb","itemListElement":[{"@type":"ListItem","position":1,"name":"In\u00edcio","item":"https:\/\/alumni.imm.medicina.ulisboa.pt\/"},{"@type":"ListItem","position":2,"name":"Members","item":"https:\/\/alumni.imm.medicina.ulisboa.pt\/members\/"},{"@type":"ListItem","position":3,"name":"Jorge Jo\u00e3o"}]}]}},"_links":{"self":[{"href":"https:\/\/alumni.imm.medicina.ulisboa.pt\/en\/wp-json\/wp\/v2\/pages\/276"}],"collection":[{"href":"https:\/\/alumni.imm.medicina.ulisboa.pt\/en\/wp-json\/wp\/v2\/pages"}],"about":[{"href":"https:\/\/alumni.imm.medicina.ulisboa.pt\/en\/wp-json\/wp\/v2\/types\/page"}],"author":[{"embeddable":true,"href":"https:\/\/alumni.imm.medicina.ulisboa.pt\/en\/wp-json\/wp\/v2\/users\/13"}],"replies":[{"embeddable":true,"href":"https:\/\/alumni.imm.medicina.ulisboa.pt\/en\/wp-json\/wp\/v2\/comments?post=276"}],"version-history":[{"count":2,"href":"https:\/\/alumni.imm.medicina.ulisboa.pt\/en\/wp-json\/wp\/v2\/pages\/276\/revisions"}],"predecessor-version":[{"id":416,"href":"https:\/\/alumni.imm.medicina.ulisboa.pt\/en\/wp-json\/wp\/v2\/pages\/276\/revisions\/416"}],"up":[{"embeddable":true,"href":"https:\/\/alumni.imm.medicina.ulisboa.pt\/en\/wp-json\/wp\/v2\/pages\/15"}],"wp:attachment":[{"href":"https:\/\/alumni.imm.medicina.ulisboa.pt\/en\/wp-json\/wp\/v2\/media?parent=276"}],"curies":[{"name":"wp","href":"https:\/\/api.w.org\/{rel}","templated":true}]}}