{"id":279,"date":"2022-09-07T12:38:08","date_gmt":"2022-09-07T12:38:08","guid":{"rendered":"https:\/\/alumni.imm.medicina.ulisboa.pt\/?page_id=279"},"modified":"2022-09-25T13:07:13","modified_gmt":"2022-09-25T13:07:13","slug":"katia-jesus","status":"publish","type":"page","link":"https:\/\/alumni.imm.medicina.ulisboa.pt\/members\/katia-jesus\/","title":{"rendered":"K\u00e1tia Jesus"},"content":{"rendered":"\n<p class=\"has-text-align-center\" style=\"font-size:40px\"><strong>K\u00e1tia Jesus<\/strong><\/p>\n\n\n\n<p class=\"has-white-color has-text-color\">.<\/p>\n\n\n\n<div class=\"wp-block-columns\">\n<div class=\"wp-block-column\">\n<div class=\"wp-block-image\"><figure class=\"aligncenter size-large is-resized\"><img loading=\"lazy\" src=\"https:\/\/alumni.imm.medicina.ulisboa.pt\/wp-content\/uploads\/sites\/33\/2022\/09\/Katia-Jesus-1-718x1024.png\" alt=\"\" class=\"wp-image-297\" width=\"359\" height=\"512\" srcset=\"https:\/\/alumni.imm.medicina.ulisboa.pt\/wp-content\/uploads\/sites\/33\/2022\/09\/Katia-Jesus-1-718x1024.png 718w, https:\/\/alumni.imm.medicina.ulisboa.pt\/wp-content\/uploads\/sites\/33\/2022\/09\/Katia-Jesus-1-210x300.png 210w, https:\/\/alumni.imm.medicina.ulisboa.pt\/wp-content\/uploads\/sites\/33\/2022\/09\/Katia-Jesus-1-768x1096.png 768w, https:\/\/alumni.imm.medicina.ulisboa.pt\/wp-content\/uploads\/sites\/33\/2022\/09\/Katia-Jesus-1-1076x1536.png 1076w, https:\/\/alumni.imm.medicina.ulisboa.pt\/wp-content\/uploads\/sites\/33\/2022\/09\/Katia-Jesus-1-1435x2048.png 1435w\" sizes=\"(max-width: 359px) 100vw, 359px\" \/><\/figure><\/div>\n<\/div>\n\n\n\n<div class=\"wp-block-column\">\n<p class=\"has-text-color\" style=\"color:#00c6a5;font-size:25px\"><strong>Biosketch<\/strong><\/p>\n\n\n\n<p>K\u00e1tia Jesus holds a B.Sc. in Biotechnology (Agricultural College of Coimbra, 2015) and a M.Sc. in Biomedical Research (Faculty of Medicine of the University of Coimbra, 2018). K\u00e1tia took part in two ERASMUS+ Mobility programs (2015 and 2017\/2018) for her B.Sc. and M.Sc. project, developed at the Deutsches Primatenzentrum GmbH (G\u00f6ttingen, Germany). In parallel to her thesis work, she was awarded a Research fellowship (2015), and a Research assistant position (2017). <\/p>\n\n\n\n<p>Throughout her education, K\u00e1tia did several lab rotations. As a result she is a co-author of a paper published in the Journal of Cellular and Molecular Medicine. After finishing her M.Sc., K\u00e1tia worked as a Research Master Fellow funded by the Funda\u00e7\u00e3o para a Ci\u00eancia e para a Tecnologia (FCT- Portugal) at the Instituto de Medicina Molecular (Lisboa). The results obtained here led to the co-authorship in a Poster presented at the Keystone Symposia on B cell-T cell interactions (USA), and a Poster presentation at the XLV Annual Meeting Sociedade Portuguesa de Imunologia (Coimbra), which was selected for a Speed communication. <\/p>\n\n\n\n<p>Currently, she is enrolled as a PhD Student in the Integrative Biology and Biomedicine Programme at the Instituto Gulbenkian Ci\u00eancia (2019 and ongoing). Herein, she was awarded a PhD fellowship by FCT in the 2020 call and became a EIT-Health@Ageing PhD student (2021 cohort). She wants to pursue a career in Science in Academia.<\/p>\n\n\n\n<p class=\"has-text-color\" style=\"color:#00c6a5;font-size:25px\"><strong>Testimony<\/strong><\/p>\n\n\n\n<p>As someone that comes from a background that is very centered in fundamental science (far away from the impact it can have for the patient and society), working at the iMM &#8211; an institute so close to the people &#8211; was a truly inspiring and nice experience. It helped me expand my horizons in the way that I look at the research I do or learn about. iMM brought me closer to the human side of Science.<\/p>\n\n\n\n<p class=\"has-text-color\" style=\"color:#00c6a5;font-size:25px\"><strong>Contact<\/strong><\/p>\n\n\n\n<p><span style=\"text-decoration: underline;\"><a href=\"https:\/\/www.linkedin.com\/in\/k%C3%A1tia-jesus-b1110610a\/\" target=\"_blank\" rel=\"noreferrer noopener\">LinkedIn<\/a><\/span><\/p>\n<\/div>\n<\/div>\n\n\n\n<div class=\"wp-block-columns\">\n<div class=\"wp-block-column\" style=\"flex-basis:25%\"><\/div>\n\n\n\n<div class=\"wp-block-column\" style=\"flex-basis:50%\"><\/div>\n\n\n\n<div class=\"wp-block-column\" style=\"flex-basis:25%\">\n<figure class=\"wp-block-image size-full\"><a href=\"https:\/\/alumni.imm.medicina.ulisboa.pt\/members\/luis-carvalho\/\"><img loading=\"lazy\" width=\"512\" height=\"512\" src=\"http:\/\/alumni.imm.medicina.ulisboa.pt\/wp-content\/uploads\/sites\/33\/2022\/09\/Icone-Next.png\" alt=\"\" class=\"wp-image-381\" srcset=\"https:\/\/alumni.imm.medicina.ulisboa.pt\/wp-content\/uploads\/sites\/33\/2022\/09\/Icone-Next.png 512w, https:\/\/alumni.imm.medicina.ulisboa.pt\/wp-content\/uploads\/sites\/33\/2022\/09\/Icone-Next-300x300.png 300w, https:\/\/alumni.imm.medicina.ulisboa.pt\/wp-content\/uploads\/sites\/33\/2022\/09\/Icone-Next-150x150.png 150w\" sizes=\"(max-width: 512px) 100vw, 512px\" \/><\/a><\/figure>\n<\/div>\n<\/div>\n","protected":false},"excerpt":{"rendered":"<p>K\u00e1tia Jesus . Biosketch K\u00e1tia Jesus holds a B.Sc. in Biotechnology (Agricultural College of Coimbra, 2015) and a M.Sc. in Biomedical Research (Faculty of Medicine of the University of Coimbra, 2018). K\u00e1tia took part in two ERASMUS+ Mobility programs (2015 and 2017\/2018) for her B.Sc. and M.Sc. project, developed at the Deutsches Primatenzentrum GmbH (G\u00f6ttingen, &hellip; <a href=\"https:\/\/alumni.imm.medicina.ulisboa.pt\/members\/katia-jesus\/\">Continued<\/a><\/p>\n","protected":false},"author":13,"featured_media":0,"parent":15,"menu_order":0,"comment_status":"closed","ping_status":"closed","template":"views\/template-900.blade.php","meta":[],"yoast_head":"<!-- This site is optimized with the Yoast SEO plugin v17.4 - https:\/\/yoast.com\/wordpress\/plugins\/seo\/ -->\n<title>K\u00e1tia Jesus - iMM Alumni Community<\/title>\n<meta name=\"robots\" content=\"index, follow, max-snippet:-1, max-image-preview:large, max-video-preview:-1\" \/>\n<link rel=\"canonical\" href=\"https:\/\/alumni.imm.medicina.ulisboa.pt\/members\/katia-jesus\/\" \/>\n<meta property=\"og:locale\" content=\"en_US\" \/>\n<meta property=\"og:type\" content=\"article\" \/>\n<meta property=\"og:title\" content=\"K\u00e1tia Jesus - iMM Alumni Community\" \/>\n<meta property=\"og:description\" content=\"K\u00e1tia Jesus . Biosketch K\u00e1tia Jesus holds a B.Sc. in Biotechnology (Agricultural College of Coimbra, 2015) and a M.Sc. in Biomedical Research (Faculty of Medicine of the University of Coimbra, 2018). K\u00e1tia took part in two ERASMUS+ Mobility programs (2015 and 2017\/2018) for her B.Sc. and M.Sc. project, developed at the Deutsches Primatenzentrum GmbH (G\u00f6ttingen, &hellip; Continued\" \/>\n<meta property=\"og:url\" content=\"https:\/\/alumni.imm.medicina.ulisboa.pt\/members\/katia-jesus\/\" \/>\n<meta property=\"og:site_name\" content=\"iMM Alumni Community\" \/>\n<meta property=\"article:modified_time\" content=\"2022-09-25T13:07:13+00:00\" \/>\n<meta property=\"og:image\" content=\"https:\/\/alumni.imm.medicina.ulisboa.pt\/wp-content\/uploads\/sites\/33\/2022\/09\/Katia-Jesus-1-718x1024.png\" \/>\n<meta name=\"twitter:card\" content=\"summary_large_image\" \/>\n<meta name=\"twitter:label1\" content=\"Est. reading time\" \/>\n\t<meta name=\"twitter:data1\" content=\"2 minutes\" \/>\n<script type=\"application\/ld+json\" class=\"yoast-schema-graph\">{\"@context\":\"https:\/\/schema.org\",\"@graph\":[{\"@type\":\"WebSite\",\"@id\":\"https:\/\/alumni.imm.medicina.ulisboa.pt\/en\/#website\",\"url\":\"https:\/\/alumni.imm.medicina.ulisboa.pt\/en\/\",\"name\":\"iMM Alumni Community\",\"description\":\"\",\"potentialAction\":[{\"@type\":\"SearchAction\",\"target\":{\"@type\":\"EntryPoint\",\"urlTemplate\":\"https:\/\/alumni.imm.medicina.ulisboa.pt\/en\/?s={search_term_string}\"},\"query-input\":\"required name=search_term_string\"}],\"inLanguage\":\"en-US\"},{\"@type\":\"ImageObject\",\"@id\":\"https:\/\/alumni.imm.medicina.ulisboa.pt\/members\/katia-jesus\/#primaryimage\",\"inLanguage\":\"en-US\",\"url\":\"https:\/\/alumni.imm.medicina.ulisboa.pt\/wp-content\/uploads\/sites\/33\/2022\/09\/Katia-Jesus-1.png\",\"contentUrl\":\"https:\/\/alumni.imm.medicina.ulisboa.pt\/wp-content\/uploads\/sites\/33\/2022\/09\/Katia-Jesus-1.png\",\"width\":2079,\"height\":2967},{\"@type\":\"WebPage\",\"@id\":\"https:\/\/alumni.imm.medicina.ulisboa.pt\/members\/katia-jesus\/#webpage\",\"url\":\"https:\/\/alumni.imm.medicina.ulisboa.pt\/members\/katia-jesus\/\",\"name\":\"K\\u00e1tia Jesus - iMM Alumni Community\",\"isPartOf\":{\"@id\":\"https:\/\/alumni.imm.medicina.ulisboa.pt\/en\/#website\"},\"primaryImageOfPage\":{\"@id\":\"https:\/\/alumni.imm.medicina.ulisboa.pt\/members\/katia-jesus\/#primaryimage\"},\"datePublished\":\"2022-09-07T12:38:08+00:00\",\"dateModified\":\"2022-09-25T13:07:13+00:00\",\"breadcrumb\":{\"@id\":\"https:\/\/alumni.imm.medicina.ulisboa.pt\/members\/katia-jesus\/#breadcrumb\"},\"inLanguage\":\"en-US\",\"potentialAction\":[{\"@type\":\"ReadAction\",\"target\":[\"https:\/\/alumni.imm.medicina.ulisboa.pt\/members\/katia-jesus\/\"]}]},{\"@type\":\"BreadcrumbList\",\"@id\":\"https:\/\/alumni.imm.medicina.ulisboa.pt\/members\/katia-jesus\/#breadcrumb\",\"itemListElement\":[{\"@type\":\"ListItem\",\"position\":1,\"name\":\"In\\u00edcio\",\"item\":\"https:\/\/alumni.imm.medicina.ulisboa.pt\/\"},{\"@type\":\"ListItem\",\"position\":2,\"name\":\"Members\",\"item\":\"https:\/\/alumni.imm.medicina.ulisboa.pt\/members\/\"},{\"@type\":\"ListItem\",\"position\":3,\"name\":\"K\\u00e1tia Jesus\"}]}]}<\/script>\n<!-- \/ Yoast SEO plugin. -->","yoast_head_json":{"title":"K\u00e1tia Jesus - iMM Alumni Community","robots":{"index":"index","follow":"follow","max-snippet":"max-snippet:-1","max-image-preview":"max-image-preview:large","max-video-preview":"max-video-preview:-1"},"canonical":"https:\/\/alumni.imm.medicina.ulisboa.pt\/members\/katia-jesus\/","og_locale":"en_US","og_type":"article","og_title":"K\u00e1tia Jesus - iMM Alumni Community","og_description":"K\u00e1tia Jesus . Biosketch K\u00e1tia Jesus holds a B.Sc. in Biotechnology (Agricultural College of Coimbra, 2015) and a M.Sc. in Biomedical Research (Faculty of Medicine of the University of Coimbra, 2018). K\u00e1tia took part in two ERASMUS+ Mobility programs (2015 and 2017\/2018) for her B.Sc. and M.Sc. project, developed at the Deutsches Primatenzentrum GmbH (G\u00f6ttingen, &hellip; Continued","og_url":"https:\/\/alumni.imm.medicina.ulisboa.pt\/members\/katia-jesus\/","og_site_name":"iMM Alumni Community","article_modified_time":"2022-09-25T13:07:13+00:00","og_image":[{"url":"https:\/\/alumni.imm.medicina.ulisboa.pt\/wp-content\/uploads\/sites\/33\/2022\/09\/Katia-Jesus-1-718x1024.png"}],"twitter_card":"summary_large_image","twitter_misc":{"Est. reading time":"2 minutes"},"schema":{"@context":"https:\/\/schema.org","@graph":[{"@type":"WebSite","@id":"https:\/\/alumni.imm.medicina.ulisboa.pt\/en\/#website","url":"https:\/\/alumni.imm.medicina.ulisboa.pt\/en\/","name":"iMM Alumni Community","description":"","potentialAction":[{"@type":"SearchAction","target":{"@type":"EntryPoint","urlTemplate":"https:\/\/alumni.imm.medicina.ulisboa.pt\/en\/?s={search_term_string}"},"query-input":"required name=search_term_string"}],"inLanguage":"en-US"},{"@type":"ImageObject","@id":"https:\/\/alumni.imm.medicina.ulisboa.pt\/members\/katia-jesus\/#primaryimage","inLanguage":"en-US","url":"https:\/\/alumni.imm.medicina.ulisboa.pt\/wp-content\/uploads\/sites\/33\/2022\/09\/Katia-Jesus-1.png","contentUrl":"https:\/\/alumni.imm.medicina.ulisboa.pt\/wp-content\/uploads\/sites\/33\/2022\/09\/Katia-Jesus-1.png","width":2079,"height":2967},{"@type":"WebPage","@id":"https:\/\/alumni.imm.medicina.ulisboa.pt\/members\/katia-jesus\/#webpage","url":"https:\/\/alumni.imm.medicina.ulisboa.pt\/members\/katia-jesus\/","name":"K\u00e1tia Jesus - iMM Alumni Community","isPartOf":{"@id":"https:\/\/alumni.imm.medicina.ulisboa.pt\/en\/#website"},"primaryImageOfPage":{"@id":"https:\/\/alumni.imm.medicina.ulisboa.pt\/members\/katia-jesus\/#primaryimage"},"datePublished":"2022-09-07T12:38:08+00:00","dateModified":"2022-09-25T13:07:13+00:00","breadcrumb":{"@id":"https:\/\/alumni.imm.medicina.ulisboa.pt\/members\/katia-jesus\/#breadcrumb"},"inLanguage":"en-US","potentialAction":[{"@type":"ReadAction","target":["https:\/\/alumni.imm.medicina.ulisboa.pt\/members\/katia-jesus\/"]}]},{"@type":"BreadcrumbList","@id":"https:\/\/alumni.imm.medicina.ulisboa.pt\/members\/katia-jesus\/#breadcrumb","itemListElement":[{"@type":"ListItem","position":1,"name":"In\u00edcio","item":"https:\/\/alumni.imm.medicina.ulisboa.pt\/"},{"@type":"ListItem","position":2,"name":"Members","item":"https:\/\/alumni.imm.medicina.ulisboa.pt\/members\/"},{"@type":"ListItem","position":3,"name":"K\u00e1tia Jesus"}]}]}},"_links":{"self":[{"href":"https:\/\/alumni.imm.medicina.ulisboa.pt\/en\/wp-json\/wp\/v2\/pages\/279"}],"collection":[{"href":"https:\/\/alumni.imm.medicina.ulisboa.pt\/en\/wp-json\/wp\/v2\/pages"}],"about":[{"href":"https:\/\/alumni.imm.medicina.ulisboa.pt\/en\/wp-json\/wp\/v2\/types\/page"}],"author":[{"embeddable":true,"href":"https:\/\/alumni.imm.medicina.ulisboa.pt\/en\/wp-json\/wp\/v2\/users\/13"}],"replies":[{"embeddable":true,"href":"https:\/\/alumni.imm.medicina.ulisboa.pt\/en\/wp-json\/wp\/v2\/comments?post=279"}],"version-history":[{"count":3,"href":"https:\/\/alumni.imm.medicina.ulisboa.pt\/en\/wp-json\/wp\/v2\/pages\/279\/revisions"}],"predecessor-version":[{"id":545,"href":"https:\/\/alumni.imm.medicina.ulisboa.pt\/en\/wp-json\/wp\/v2\/pages\/279\/revisions\/545"}],"up":[{"embeddable":true,"href":"https:\/\/alumni.imm.medicina.ulisboa.pt\/en\/wp-json\/wp\/v2\/pages\/15"}],"wp:attachment":[{"href":"https:\/\/alumni.imm.medicina.ulisboa.pt\/en\/wp-json\/wp\/v2\/media?parent=279"}],"curies":[{"name":"wp","href":"https:\/\/api.w.org\/{rel}","templated":true}]}}