{"id":313,"date":"2022-09-07T13:02:36","date_gmt":"2022-09-07T13:02:36","guid":{"rendered":"https:\/\/alumni.imm.medicina.ulisboa.pt\/?page_id=313"},"modified":"2022-09-08T10:52:53","modified_gmt":"2022-09-08T10:52:53","slug":"nadia-correia","status":"publish","type":"page","link":"https:\/\/alumni.imm.medicina.ulisboa.pt\/members\/nadia-correia\/","title":{"rendered":"N\u00e1dia Correia"},"content":{"rendered":"\n<p class=\"has-text-align-center\" style=\"font-size:40px\"><strong>N\u00e1dia Correia<\/strong><\/p>\n\n\n\n<p class=\"has-white-color has-text-color\">.<\/p>\n\n\n\n<div class=\"wp-block-columns\">\n<div class=\"wp-block-column\">\n<div class=\"wp-block-image\"><figure class=\"aligncenter size-large is-resized\"><img loading=\"lazy\" src=\"https:\/\/alumni.imm.medicina.ulisboa.pt\/wp-content\/uploads\/sites\/33\/2022\/09\/Nadia-Correia-1-736x1024.png\" alt=\"\" class=\"wp-image-330\" width=\"368\" height=\"512\" srcset=\"https:\/\/alumni.imm.medicina.ulisboa.pt\/wp-content\/uploads\/sites\/33\/2022\/09\/Nadia-Correia-1-736x1024.png 736w, https:\/\/alumni.imm.medicina.ulisboa.pt\/wp-content\/uploads\/sites\/33\/2022\/09\/Nadia-Correia-1-216x300.png 216w, https:\/\/alumni.imm.medicina.ulisboa.pt\/wp-content\/uploads\/sites\/33\/2022\/09\/Nadia-Correia-1-768x1068.png 768w, https:\/\/alumni.imm.medicina.ulisboa.pt\/wp-content\/uploads\/sites\/33\/2022\/09\/Nadia-Correia-1-1104x1536.png 1104w, https:\/\/alumni.imm.medicina.ulisboa.pt\/wp-content\/uploads\/sites\/33\/2022\/09\/Nadia-Correia-1-1472x2048.png 1472w\" sizes=\"(max-width: 368px) 100vw, 368px\" \/><\/figure><\/div>\n<\/div>\n\n\n\n<div class=\"wp-block-column\">\n<p class=\"has-text-color\" style=\"color:#00c6a5;font-size:25px\"><strong>Biosketch<\/strong><\/p>\n\n\n\n<p>My name is N\u00e1dia Correia. I am a Researcher with more than 10 years of experience in Cancer Biology. I always wanted to study cancer and produce knowledge that can improve people\u2019s lives. I finished in 2015 my Ph.D. in Biomedical Sciences \u2013 Molecular and Cellular Biology by the Faculty of Medicine of the University of Lisbon. <\/p>\n\n\n\n<p>In 2016 I moved to Heidelberg, (Germany) to do a postdoc in the Division of Stem Cells and Cancer at DKFZ. In my current position as Single Cell Genomics Scientist at t at TRON-Translational Oncology, in Mainz (Germany) I have gained expertise and interest in scRNAseq technology and its possibility to improve immunotherapy and cancer.<\/p>\n\n\n\n<p class=\"has-text-color\" style=\"color:#00c6a5;font-size:25px\"><strong>Testimony<\/strong><\/p>\n\n\n\n<p>I joined IMM in late 2007 as a Research assistant in the group of Prof. Jo\u00e3o Barata, Signaling in Cancer. Then I pursued my PhD degree in the same lab, where I studied the transcription regulation and microRNAome aberrations in the context of T-cell leukemia. Over the 7 years, I spent in IMM I became a full Scientist and I grew as a person. My path crossed with numerous talented people from different backgrounds and nationalities, I made friendships for life, I learned the ethics in science, the importance of science communication and networking and so much more. One of the most inspiring aspects I took from that time was honestly the fact that iMM continuously had talented women in leadership and directing positions. <\/p>\n\n\n\n<p>I didn&#8217;t notice at the time, but as I moved around to many other European institutes I became aware that they were much more male dominated and that iMM actually had a good gender balance. Another aspect that mesmerized me at the time were the Out of the Box talks that covered other topics besides life sciences and had a lot of times on me a mindblowing effect.<\/p>\n\n\n\n<p class=\"has-text-color\" style=\"color:#00c6a5;font-size:25px\"><strong>Contact<\/strong><\/p>\n\n\n\n<p><span style=\"text-decoration: underline;\"><a href=\"https:\/\/www.linkedin.com\/in\/n%C3%A1dia-correia-phd\/\" target=\"_blank\" rel=\"noreferrer noopener\">LinkedIn<\/a><\/span><\/p>\n<\/div>\n<\/div>\n\n\n\n<div class=\"wp-block-columns\">\n<div class=\"wp-block-column\" style=\"flex-basis:25%\"><\/div>\n\n\n\n<div class=\"wp-block-column\" style=\"flex-basis:50%\"><\/div>\n\n\n\n<div class=\"wp-block-column\" style=\"flex-basis:25%\">\n<figure class=\"wp-block-image size-full\"><a href=\"https:\/\/alumni.imm.medicina.ulisboa.pt\/members\/neide-pereira\/\"><img loading=\"lazy\" width=\"512\" height=\"512\" src=\"http:\/\/alumni.imm.medicina.ulisboa.pt\/wp-content\/uploads\/sites\/33\/2022\/09\/Icone-Next.png\" alt=\"\" class=\"wp-image-381\" srcset=\"https:\/\/alumni.imm.medicina.ulisboa.pt\/wp-content\/uploads\/sites\/33\/2022\/09\/Icone-Next.png 512w, https:\/\/alumni.imm.medicina.ulisboa.pt\/wp-content\/uploads\/sites\/33\/2022\/09\/Icone-Next-300x300.png 300w, https:\/\/alumni.imm.medicina.ulisboa.pt\/wp-content\/uploads\/sites\/33\/2022\/09\/Icone-Next-150x150.png 150w\" sizes=\"(max-width: 512px) 100vw, 512px\" \/><\/a><\/figure>\n<\/div>\n<\/div>\n","protected":false},"excerpt":{"rendered":"<p>N\u00e1dia Correia . Biosketch My name is N\u00e1dia Correia. I am a Researcher with more than 10 years of experience in Cancer Biology. I always wanted to study cancer and produce knowledge that can improve people\u2019s lives. I finished in 2015 my Ph.D. in Biomedical Sciences \u2013 Molecular and Cellular Biology by the Faculty of &hellip; <a href=\"https:\/\/alumni.imm.medicina.ulisboa.pt\/members\/nadia-correia\/\">Continued<\/a><\/p>\n","protected":false},"author":13,"featured_media":0,"parent":15,"menu_order":0,"comment_status":"closed","ping_status":"closed","template":"views\/template-900.blade.php","meta":[],"yoast_head":"<!-- This site is optimized with the Yoast SEO plugin v17.4 - https:\/\/yoast.com\/wordpress\/plugins\/seo\/ -->\n<title>N\u00e1dia Correia - iMM Alumni Community<\/title>\n<meta name=\"robots\" content=\"index, follow, max-snippet:-1, max-image-preview:large, max-video-preview:-1\" \/>\n<link rel=\"canonical\" href=\"https:\/\/alumni.imm.medicina.ulisboa.pt\/members\/nadia-correia\/\" \/>\n<meta property=\"og:locale\" content=\"en_US\" \/>\n<meta property=\"og:type\" content=\"article\" \/>\n<meta property=\"og:title\" content=\"N\u00e1dia Correia - iMM Alumni Community\" \/>\n<meta property=\"og:description\" content=\"N\u00e1dia Correia . Biosketch My name is N\u00e1dia Correia. I am a Researcher with more than 10 years of experience in Cancer Biology. I always wanted to study cancer and produce knowledge that can improve people\u2019s lives. I finished in 2015 my Ph.D. in Biomedical Sciences \u2013 Molecular and Cellular Biology by the Faculty of &hellip; Continued\" \/>\n<meta property=\"og:url\" content=\"https:\/\/alumni.imm.medicina.ulisboa.pt\/members\/nadia-correia\/\" \/>\n<meta property=\"og:site_name\" content=\"iMM Alumni Community\" \/>\n<meta property=\"article:modified_time\" content=\"2022-09-08T10:52:53+00:00\" \/>\n<meta property=\"og:image\" content=\"https:\/\/alumni.imm.medicina.ulisboa.pt\/wp-content\/uploads\/sites\/33\/2022\/09\/Nadia-Correia-1-736x1024.png\" \/>\n<meta name=\"twitter:card\" content=\"summary_large_image\" \/>\n<meta name=\"twitter:label1\" content=\"Est. reading time\" \/>\n\t<meta name=\"twitter:data1\" content=\"2 minutes\" \/>\n<script type=\"application\/ld+json\" class=\"yoast-schema-graph\">{\"@context\":\"https:\/\/schema.org\",\"@graph\":[{\"@type\":\"WebSite\",\"@id\":\"https:\/\/alumni.imm.medicina.ulisboa.pt\/en\/#website\",\"url\":\"https:\/\/alumni.imm.medicina.ulisboa.pt\/en\/\",\"name\":\"iMM Alumni Community\",\"description\":\"\",\"potentialAction\":[{\"@type\":\"SearchAction\",\"target\":{\"@type\":\"EntryPoint\",\"urlTemplate\":\"https:\/\/alumni.imm.medicina.ulisboa.pt\/en\/?s={search_term_string}\"},\"query-input\":\"required name=search_term_string\"}],\"inLanguage\":\"en-US\"},{\"@type\":\"ImageObject\",\"@id\":\"https:\/\/alumni.imm.medicina.ulisboa.pt\/members\/nadia-correia\/#primaryimage\",\"inLanguage\":\"en-US\",\"url\":\"https:\/\/alumni.imm.medicina.ulisboa.pt\/wp-content\/uploads\/sites\/33\/2022\/09\/Nadia-Correia-1.png\",\"contentUrl\":\"https:\/\/alumni.imm.medicina.ulisboa.pt\/wp-content\/uploads\/sites\/33\/2022\/09\/Nadia-Correia-1.png\",\"width\":2133,\"height\":2967},{\"@type\":\"WebPage\",\"@id\":\"https:\/\/alumni.imm.medicina.ulisboa.pt\/members\/nadia-correia\/#webpage\",\"url\":\"https:\/\/alumni.imm.medicina.ulisboa.pt\/members\/nadia-correia\/\",\"name\":\"N\\u00e1dia Correia - iMM Alumni Community\",\"isPartOf\":{\"@id\":\"https:\/\/alumni.imm.medicina.ulisboa.pt\/en\/#website\"},\"primaryImageOfPage\":{\"@id\":\"https:\/\/alumni.imm.medicina.ulisboa.pt\/members\/nadia-correia\/#primaryimage\"},\"datePublished\":\"2022-09-07T13:02:36+00:00\",\"dateModified\":\"2022-09-08T10:52:53+00:00\",\"breadcrumb\":{\"@id\":\"https:\/\/alumni.imm.medicina.ulisboa.pt\/members\/nadia-correia\/#breadcrumb\"},\"inLanguage\":\"en-US\",\"potentialAction\":[{\"@type\":\"ReadAction\",\"target\":[\"https:\/\/alumni.imm.medicina.ulisboa.pt\/members\/nadia-correia\/\"]}]},{\"@type\":\"BreadcrumbList\",\"@id\":\"https:\/\/alumni.imm.medicina.ulisboa.pt\/members\/nadia-correia\/#breadcrumb\",\"itemListElement\":[{\"@type\":\"ListItem\",\"position\":1,\"name\":\"In\\u00edcio\",\"item\":\"https:\/\/alumni.imm.medicina.ulisboa.pt\/\"},{\"@type\":\"ListItem\",\"position\":2,\"name\":\"Members\",\"item\":\"https:\/\/alumni.imm.medicina.ulisboa.pt\/members\/\"},{\"@type\":\"ListItem\",\"position\":3,\"name\":\"N\\u00e1dia Correia\"}]}]}<\/script>\n<!-- \/ Yoast SEO plugin. -->","yoast_head_json":{"title":"N\u00e1dia Correia - iMM Alumni Community","robots":{"index":"index","follow":"follow","max-snippet":"max-snippet:-1","max-image-preview":"max-image-preview:large","max-video-preview":"max-video-preview:-1"},"canonical":"https:\/\/alumni.imm.medicina.ulisboa.pt\/members\/nadia-correia\/","og_locale":"en_US","og_type":"article","og_title":"N\u00e1dia Correia - iMM Alumni Community","og_description":"N\u00e1dia Correia . Biosketch My name is N\u00e1dia Correia. I am a Researcher with more than 10 years of experience in Cancer Biology. I always wanted to study cancer and produce knowledge that can improve people\u2019s lives. I finished in 2015 my Ph.D. in Biomedical Sciences \u2013 Molecular and Cellular Biology by the Faculty of &hellip; Continued","og_url":"https:\/\/alumni.imm.medicina.ulisboa.pt\/members\/nadia-correia\/","og_site_name":"iMM Alumni Community","article_modified_time":"2022-09-08T10:52:53+00:00","og_image":[{"url":"https:\/\/alumni.imm.medicina.ulisboa.pt\/wp-content\/uploads\/sites\/33\/2022\/09\/Nadia-Correia-1-736x1024.png"}],"twitter_card":"summary_large_image","twitter_misc":{"Est. reading time":"2 minutes"},"schema":{"@context":"https:\/\/schema.org","@graph":[{"@type":"WebSite","@id":"https:\/\/alumni.imm.medicina.ulisboa.pt\/en\/#website","url":"https:\/\/alumni.imm.medicina.ulisboa.pt\/en\/","name":"iMM Alumni Community","description":"","potentialAction":[{"@type":"SearchAction","target":{"@type":"EntryPoint","urlTemplate":"https:\/\/alumni.imm.medicina.ulisboa.pt\/en\/?s={search_term_string}"},"query-input":"required name=search_term_string"}],"inLanguage":"en-US"},{"@type":"ImageObject","@id":"https:\/\/alumni.imm.medicina.ulisboa.pt\/members\/nadia-correia\/#primaryimage","inLanguage":"en-US","url":"https:\/\/alumni.imm.medicina.ulisboa.pt\/wp-content\/uploads\/sites\/33\/2022\/09\/Nadia-Correia-1.png","contentUrl":"https:\/\/alumni.imm.medicina.ulisboa.pt\/wp-content\/uploads\/sites\/33\/2022\/09\/Nadia-Correia-1.png","width":2133,"height":2967},{"@type":"WebPage","@id":"https:\/\/alumni.imm.medicina.ulisboa.pt\/members\/nadia-correia\/#webpage","url":"https:\/\/alumni.imm.medicina.ulisboa.pt\/members\/nadia-correia\/","name":"N\u00e1dia Correia - iMM Alumni Community","isPartOf":{"@id":"https:\/\/alumni.imm.medicina.ulisboa.pt\/en\/#website"},"primaryImageOfPage":{"@id":"https:\/\/alumni.imm.medicina.ulisboa.pt\/members\/nadia-correia\/#primaryimage"},"datePublished":"2022-09-07T13:02:36+00:00","dateModified":"2022-09-08T10:52:53+00:00","breadcrumb":{"@id":"https:\/\/alumni.imm.medicina.ulisboa.pt\/members\/nadia-correia\/#breadcrumb"},"inLanguage":"en-US","potentialAction":[{"@type":"ReadAction","target":["https:\/\/alumni.imm.medicina.ulisboa.pt\/members\/nadia-correia\/"]}]},{"@type":"BreadcrumbList","@id":"https:\/\/alumni.imm.medicina.ulisboa.pt\/members\/nadia-correia\/#breadcrumb","itemListElement":[{"@type":"ListItem","position":1,"name":"In\u00edcio","item":"https:\/\/alumni.imm.medicina.ulisboa.pt\/"},{"@type":"ListItem","position":2,"name":"Members","item":"https:\/\/alumni.imm.medicina.ulisboa.pt\/members\/"},{"@type":"ListItem","position":3,"name":"N\u00e1dia Correia"}]}]}},"_links":{"self":[{"href":"https:\/\/alumni.imm.medicina.ulisboa.pt\/en\/wp-json\/wp\/v2\/pages\/313"}],"collection":[{"href":"https:\/\/alumni.imm.medicina.ulisboa.pt\/en\/wp-json\/wp\/v2\/pages"}],"about":[{"href":"https:\/\/alumni.imm.medicina.ulisboa.pt\/en\/wp-json\/wp\/v2\/types\/page"}],"author":[{"embeddable":true,"href":"https:\/\/alumni.imm.medicina.ulisboa.pt\/en\/wp-json\/wp\/v2\/users\/13"}],"replies":[{"embeddable":true,"href":"https:\/\/alumni.imm.medicina.ulisboa.pt\/en\/wp-json\/wp\/v2\/comments?post=313"}],"version-history":[{"count":2,"href":"https:\/\/alumni.imm.medicina.ulisboa.pt\/en\/wp-json\/wp\/v2\/pages\/313\/revisions"}],"predecessor-version":[{"id":429,"href":"https:\/\/alumni.imm.medicina.ulisboa.pt\/en\/wp-json\/wp\/v2\/pages\/313\/revisions\/429"}],"up":[{"embeddable":true,"href":"https:\/\/alumni.imm.medicina.ulisboa.pt\/en\/wp-json\/wp\/v2\/pages\/15"}],"wp:attachment":[{"href":"https:\/\/alumni.imm.medicina.ulisboa.pt\/en\/wp-json\/wp\/v2\/media?parent=313"}],"curies":[{"name":"wp","href":"https:\/\/api.w.org\/{rel}","templated":true}]}}