{"id":316,"date":"2022-09-07T13:08:39","date_gmt":"2022-09-07T13:08:39","guid":{"rendered":"https:\/\/alumni.imm.medicina.ulisboa.pt\/?page_id=316"},"modified":"2022-09-08T10:54:15","modified_gmt":"2022-09-08T10:54:15","slug":"pedro-papotto","status":"publish","type":"page","link":"https:\/\/alumni.imm.medicina.ulisboa.pt\/members\/pedro-papotto\/","title":{"rendered":"Pedro Papotto"},"content":{"rendered":"\n<p class=\"has-text-align-center\" style=\"font-size:40px\"><strong>Pedro Papotto<\/strong><\/p>\n\n\n\n<p class=\"has-white-color has-text-color\">.<\/p>\n\n\n\n<div class=\"wp-block-columns\">\n<div class=\"wp-block-column\">\n<div class=\"wp-block-image\"><figure class=\"aligncenter size-large is-resized\"><img loading=\"lazy\" src=\"https:\/\/alumni.imm.medicina.ulisboa.pt\/wp-content\/uploads\/sites\/33\/2022\/09\/Pedro-Papotto-1-657x1024.png\" alt=\"\" class=\"wp-image-337\" width=\"329\" height=\"512\" srcset=\"https:\/\/alumni.imm.medicina.ulisboa.pt\/wp-content\/uploads\/sites\/33\/2022\/09\/Pedro-Papotto-1-657x1024.png 657w, https:\/\/alumni.imm.medicina.ulisboa.pt\/wp-content\/uploads\/sites\/33\/2022\/09\/Pedro-Papotto-1-193x300.png 193w, https:\/\/alumni.imm.medicina.ulisboa.pt\/wp-content\/uploads\/sites\/33\/2022\/09\/Pedro-Papotto-1-768x1196.png 768w, https:\/\/alumni.imm.medicina.ulisboa.pt\/wp-content\/uploads\/sites\/33\/2022\/09\/Pedro-Papotto-1-986x1536.png 986w, https:\/\/alumni.imm.medicina.ulisboa.pt\/wp-content\/uploads\/sites\/33\/2022\/09\/Pedro-Papotto-1-1315x2048.png 1315w, https:\/\/alumni.imm.medicina.ulisboa.pt\/wp-content\/uploads\/sites\/33\/2022\/09\/Pedro-Papotto-1.png 1905w\" sizes=\"(max-width: 329px) 100vw, 329px\" \/><\/figure><\/div>\n<\/div>\n\n\n\n<div class=\"wp-block-column\">\n<p class=\"has-text-color\" style=\"color:#00c6a5;font-size:25px\"><strong>Biosketch<\/strong><\/p>\n\n\n\n<p>Pedro Papotto was born and raised in Brasil, where he obtained his degree in Pharmacy and Biochemistry at the University of S\u00e3o Paulo. After obtaining his M.Sc. degree in Immunology from Instituto de Ci\u00eancias Biom\u00e9dicas also at the University of S\u00e3o Paulo, Pedro joined the LisbonBioMed PhD program from Instituto de Medicina Molecular in Lisbon, Portugal. Under the supervision of Prof. Bruno Silva-Santos, Pedro developed his thesis investigating the mechanisms of activation and differentiation of a subset of unconventional T lymphocytes, known as \u03b3\u03b4 T cells, and their relevance in regulating auto-inflammation and immunity to infections. <\/p>\n\n\n\n<p>Currently, Pedro is a Marie Curie postdoctoral fellow in the lab of Prof. Judi Allen at the University of Manchester \u2013 UK, where he is working to understand how immune responses to infections are regulated at the whole organismal level \u2013 and what is the role of unconventional T cells in orchestrating these processes.<\/p>\n\n\n\n<p class=\"has-text-color\" style=\"color:#00c6a5;font-size:25px\"><strong>Testimony<\/strong><\/p>\n\n\n\n<p>I will always hold the memories of my days as a PhD student at iMM very close to my heart. During those years, I met a number of people who helped me to shape the way I view and do science \u2013 and many of those people became close friends and collaborators, with whom I still keep close contact. Monday Lectures, Pizza Seminars, Retreats, PhD Meetings, Beer Hours are example of the moments where we could see the best of iMM\u2019s spirit and its engaging scientific and social environment.<\/p>\n<\/div>\n<\/div>\n\n\n\n<div class=\"wp-block-columns\">\n<div class=\"wp-block-column\" style=\"flex-basis:25%\"><\/div>\n\n\n\n<div class=\"wp-block-column\" style=\"flex-basis:50%\"><\/div>\n\n\n\n<div class=\"wp-block-column\" style=\"flex-basis:25%\">\n<figure class=\"wp-block-image size-full\"><a href=\"https:\/\/alumni.imm.medicina.ulisboa.pt\/members\/pedro-marinho\/\"><img loading=\"lazy\" width=\"512\" height=\"512\" src=\"http:\/\/alumni.imm.medicina.ulisboa.pt\/wp-content\/uploads\/sites\/33\/2022\/09\/Icone-Next.png\" alt=\"\" class=\"wp-image-381\" srcset=\"https:\/\/alumni.imm.medicina.ulisboa.pt\/wp-content\/uploads\/sites\/33\/2022\/09\/Icone-Next.png 512w, https:\/\/alumni.imm.medicina.ulisboa.pt\/wp-content\/uploads\/sites\/33\/2022\/09\/Icone-Next-300x300.png 300w, https:\/\/alumni.imm.medicina.ulisboa.pt\/wp-content\/uploads\/sites\/33\/2022\/09\/Icone-Next-150x150.png 150w\" sizes=\"(max-width: 512px) 100vw, 512px\" \/><\/a><\/figure>\n<\/div>\n<\/div>\n","protected":false},"excerpt":{"rendered":"<p>Pedro Papotto . Biosketch Pedro Papotto was born and raised in Brasil, where he obtained his degree in Pharmacy and Biochemistry at the University of S\u00e3o Paulo. After obtaining his M.Sc. degree in Immunology from Instituto de Ci\u00eancias Biom\u00e9dicas also at the University of S\u00e3o Paulo, Pedro joined the LisbonBioMed PhD program from Instituto de &hellip; <a href=\"https:\/\/alumni.imm.medicina.ulisboa.pt\/members\/pedro-papotto\/\">Continued<\/a><\/p>\n","protected":false},"author":13,"featured_media":0,"parent":15,"menu_order":0,"comment_status":"closed","ping_status":"closed","template":"views\/template-900.blade.php","meta":[],"yoast_head":"<!-- This site is optimized with the Yoast SEO plugin v17.4 - https:\/\/yoast.com\/wordpress\/plugins\/seo\/ -->\n<title>Pedro Papotto - iMM Alumni Community<\/title>\n<meta name=\"robots\" content=\"index, follow, max-snippet:-1, max-image-preview:large, max-video-preview:-1\" \/>\n<link rel=\"canonical\" href=\"https:\/\/alumni.imm.medicina.ulisboa.pt\/members\/pedro-papotto\/\" \/>\n<meta property=\"og:locale\" content=\"en_US\" \/>\n<meta property=\"og:type\" content=\"article\" \/>\n<meta property=\"og:title\" content=\"Pedro Papotto - iMM Alumni Community\" \/>\n<meta property=\"og:description\" content=\"Pedro Papotto . Biosketch Pedro Papotto was born and raised in Brasil, where he obtained his degree in Pharmacy and Biochemistry at the University of S\u00e3o Paulo. After obtaining his M.Sc. degree in Immunology from Instituto de Ci\u00eancias Biom\u00e9dicas also at the University of S\u00e3o Paulo, Pedro joined the LisbonBioMed PhD program from Instituto de &hellip; Continued\" \/>\n<meta property=\"og:url\" content=\"https:\/\/alumni.imm.medicina.ulisboa.pt\/members\/pedro-papotto\/\" \/>\n<meta property=\"og:site_name\" content=\"iMM Alumni Community\" \/>\n<meta property=\"article:modified_time\" content=\"2022-09-08T10:54:15+00:00\" \/>\n<meta property=\"og:image\" content=\"https:\/\/alumni.imm.medicina.ulisboa.pt\/wp-content\/uploads\/sites\/33\/2022\/09\/Pedro-Papotto-1-657x1024.png\" \/>\n<meta name=\"twitter:card\" content=\"summary_large_image\" \/>\n<meta name=\"twitter:label1\" content=\"Est. reading time\" \/>\n\t<meta name=\"twitter:data1\" content=\"2 minutes\" \/>\n<script type=\"application\/ld+json\" class=\"yoast-schema-graph\">{\"@context\":\"https:\/\/schema.org\",\"@graph\":[{\"@type\":\"WebSite\",\"@id\":\"https:\/\/alumni.imm.medicina.ulisboa.pt\/en\/#website\",\"url\":\"https:\/\/alumni.imm.medicina.ulisboa.pt\/en\/\",\"name\":\"iMM Alumni Community\",\"description\":\"\",\"potentialAction\":[{\"@type\":\"SearchAction\",\"target\":{\"@type\":\"EntryPoint\",\"urlTemplate\":\"https:\/\/alumni.imm.medicina.ulisboa.pt\/en\/?s={search_term_string}\"},\"query-input\":\"required name=search_term_string\"}],\"inLanguage\":\"en-US\"},{\"@type\":\"ImageObject\",\"@id\":\"https:\/\/alumni.imm.medicina.ulisboa.pt\/members\/pedro-papotto\/#primaryimage\",\"inLanguage\":\"en-US\",\"url\":\"https:\/\/alumni.imm.medicina.ulisboa.pt\/wp-content\/uploads\/sites\/33\/2022\/09\/Pedro-Papotto-1.png\",\"contentUrl\":\"https:\/\/alumni.imm.medicina.ulisboa.pt\/wp-content\/uploads\/sites\/33\/2022\/09\/Pedro-Papotto-1.png\",\"width\":1905,\"height\":2967},{\"@type\":\"WebPage\",\"@id\":\"https:\/\/alumni.imm.medicina.ulisboa.pt\/members\/pedro-papotto\/#webpage\",\"url\":\"https:\/\/alumni.imm.medicina.ulisboa.pt\/members\/pedro-papotto\/\",\"name\":\"Pedro Papotto - iMM Alumni Community\",\"isPartOf\":{\"@id\":\"https:\/\/alumni.imm.medicina.ulisboa.pt\/en\/#website\"},\"primaryImageOfPage\":{\"@id\":\"https:\/\/alumni.imm.medicina.ulisboa.pt\/members\/pedro-papotto\/#primaryimage\"},\"datePublished\":\"2022-09-07T13:08:39+00:00\",\"dateModified\":\"2022-09-08T10:54:15+00:00\",\"breadcrumb\":{\"@id\":\"https:\/\/alumni.imm.medicina.ulisboa.pt\/members\/pedro-papotto\/#breadcrumb\"},\"inLanguage\":\"en-US\",\"potentialAction\":[{\"@type\":\"ReadAction\",\"target\":[\"https:\/\/alumni.imm.medicina.ulisboa.pt\/members\/pedro-papotto\/\"]}]},{\"@type\":\"BreadcrumbList\",\"@id\":\"https:\/\/alumni.imm.medicina.ulisboa.pt\/members\/pedro-papotto\/#breadcrumb\",\"itemListElement\":[{\"@type\":\"ListItem\",\"position\":1,\"name\":\"In\\u00edcio\",\"item\":\"https:\/\/alumni.imm.medicina.ulisboa.pt\/\"},{\"@type\":\"ListItem\",\"position\":2,\"name\":\"Members\",\"item\":\"https:\/\/alumni.imm.medicina.ulisboa.pt\/members\/\"},{\"@type\":\"ListItem\",\"position\":3,\"name\":\"Pedro Papotto\"}]}]}<\/script>\n<!-- \/ Yoast SEO plugin. -->","yoast_head_json":{"title":"Pedro Papotto - iMM Alumni Community","robots":{"index":"index","follow":"follow","max-snippet":"max-snippet:-1","max-image-preview":"max-image-preview:large","max-video-preview":"max-video-preview:-1"},"canonical":"https:\/\/alumni.imm.medicina.ulisboa.pt\/members\/pedro-papotto\/","og_locale":"en_US","og_type":"article","og_title":"Pedro Papotto - iMM Alumni Community","og_description":"Pedro Papotto . Biosketch Pedro Papotto was born and raised in Brasil, where he obtained his degree in Pharmacy and Biochemistry at the University of S\u00e3o Paulo. After obtaining his M.Sc. degree in Immunology from Instituto de Ci\u00eancias Biom\u00e9dicas also at the University of S\u00e3o Paulo, Pedro joined the LisbonBioMed PhD program from Instituto de &hellip; Continued","og_url":"https:\/\/alumni.imm.medicina.ulisboa.pt\/members\/pedro-papotto\/","og_site_name":"iMM Alumni Community","article_modified_time":"2022-09-08T10:54:15+00:00","og_image":[{"url":"https:\/\/alumni.imm.medicina.ulisboa.pt\/wp-content\/uploads\/sites\/33\/2022\/09\/Pedro-Papotto-1-657x1024.png"}],"twitter_card":"summary_large_image","twitter_misc":{"Est. reading time":"2 minutes"},"schema":{"@context":"https:\/\/schema.org","@graph":[{"@type":"WebSite","@id":"https:\/\/alumni.imm.medicina.ulisboa.pt\/en\/#website","url":"https:\/\/alumni.imm.medicina.ulisboa.pt\/en\/","name":"iMM Alumni Community","description":"","potentialAction":[{"@type":"SearchAction","target":{"@type":"EntryPoint","urlTemplate":"https:\/\/alumni.imm.medicina.ulisboa.pt\/en\/?s={search_term_string}"},"query-input":"required name=search_term_string"}],"inLanguage":"en-US"},{"@type":"ImageObject","@id":"https:\/\/alumni.imm.medicina.ulisboa.pt\/members\/pedro-papotto\/#primaryimage","inLanguage":"en-US","url":"https:\/\/alumni.imm.medicina.ulisboa.pt\/wp-content\/uploads\/sites\/33\/2022\/09\/Pedro-Papotto-1.png","contentUrl":"https:\/\/alumni.imm.medicina.ulisboa.pt\/wp-content\/uploads\/sites\/33\/2022\/09\/Pedro-Papotto-1.png","width":1905,"height":2967},{"@type":"WebPage","@id":"https:\/\/alumni.imm.medicina.ulisboa.pt\/members\/pedro-papotto\/#webpage","url":"https:\/\/alumni.imm.medicina.ulisboa.pt\/members\/pedro-papotto\/","name":"Pedro Papotto - iMM Alumni Community","isPartOf":{"@id":"https:\/\/alumni.imm.medicina.ulisboa.pt\/en\/#website"},"primaryImageOfPage":{"@id":"https:\/\/alumni.imm.medicina.ulisboa.pt\/members\/pedro-papotto\/#primaryimage"},"datePublished":"2022-09-07T13:08:39+00:00","dateModified":"2022-09-08T10:54:15+00:00","breadcrumb":{"@id":"https:\/\/alumni.imm.medicina.ulisboa.pt\/members\/pedro-papotto\/#breadcrumb"},"inLanguage":"en-US","potentialAction":[{"@type":"ReadAction","target":["https:\/\/alumni.imm.medicina.ulisboa.pt\/members\/pedro-papotto\/"]}]},{"@type":"BreadcrumbList","@id":"https:\/\/alumni.imm.medicina.ulisboa.pt\/members\/pedro-papotto\/#breadcrumb","itemListElement":[{"@type":"ListItem","position":1,"name":"In\u00edcio","item":"https:\/\/alumni.imm.medicina.ulisboa.pt\/"},{"@type":"ListItem","position":2,"name":"Members","item":"https:\/\/alumni.imm.medicina.ulisboa.pt\/members\/"},{"@type":"ListItem","position":3,"name":"Pedro Papotto"}]}]}},"_links":{"self":[{"href":"https:\/\/alumni.imm.medicina.ulisboa.pt\/en\/wp-json\/wp\/v2\/pages\/316"}],"collection":[{"href":"https:\/\/alumni.imm.medicina.ulisboa.pt\/en\/wp-json\/wp\/v2\/pages"}],"about":[{"href":"https:\/\/alumni.imm.medicina.ulisboa.pt\/en\/wp-json\/wp\/v2\/types\/page"}],"author":[{"embeddable":true,"href":"https:\/\/alumni.imm.medicina.ulisboa.pt\/en\/wp-json\/wp\/v2\/users\/13"}],"replies":[{"embeddable":true,"href":"https:\/\/alumni.imm.medicina.ulisboa.pt\/en\/wp-json\/wp\/v2\/comments?post=316"}],"version-history":[{"count":2,"href":"https:\/\/alumni.imm.medicina.ulisboa.pt\/en\/wp-json\/wp\/v2\/pages\/316\/revisions"}],"predecessor-version":[{"id":432,"href":"https:\/\/alumni.imm.medicina.ulisboa.pt\/en\/wp-json\/wp\/v2\/pages\/316\/revisions\/432"}],"up":[{"embeddable":true,"href":"https:\/\/alumni.imm.medicina.ulisboa.pt\/en\/wp-json\/wp\/v2\/pages\/15"}],"wp:attachment":[{"href":"https:\/\/alumni.imm.medicina.ulisboa.pt\/en\/wp-json\/wp\/v2\/media?parent=316"}],"curies":[{"name":"wp","href":"https:\/\/api.w.org\/{rel}","templated":true}]}}