{"id":481,"date":"2022-09-25T12:56:49","date_gmt":"2022-09-25T12:56:49","guid":{"rendered":"https:\/\/alumni.imm.medicina.ulisboa.pt\/?page_id=481"},"modified":"2022-09-25T13:09:16","modified_gmt":"2022-09-25T13:09:16","slug":"raquel-calcada","status":"publish","type":"page","link":"https:\/\/alumni.imm.medicina.ulisboa.pt\/members\/raquel-calcada\/","title":{"rendered":"Raquel Cal\u00e7ada"},"content":{"rendered":"\n<p class=\"has-text-align-center\" style=\"font-size:40px\"><strong>Raquel Cal\u00e7ada<\/strong><\/p>\n\n\n\n<p class=\"has-white-color has-text-color\">.<\/p>\n\n\n\n<div class=\"wp-block-columns\">\n<div class=\"wp-block-column\">\n<div class=\"wp-block-image\"><figure class=\"aligncenter size-large is-resized\"><img loading=\"lazy\" src=\"https:\/\/alumni.imm.medicina.ulisboa.pt\/wp-content\/uploads\/sites\/33\/2022\/09\/Raquel-Calcada-1-653x1024.png\" alt=\"\" class=\"wp-image-526\" width=\"327\" height=\"512\" srcset=\"https:\/\/alumni.imm.medicina.ulisboa.pt\/wp-content\/uploads\/sites\/33\/2022\/09\/Raquel-Calcada-1-653x1024.png 653w, https:\/\/alumni.imm.medicina.ulisboa.pt\/wp-content\/uploads\/sites\/33\/2022\/09\/Raquel-Calcada-1-191x300.png 191w, https:\/\/alumni.imm.medicina.ulisboa.pt\/wp-content\/uploads\/sites\/33\/2022\/09\/Raquel-Calcada-1-768x1205.png 768w, https:\/\/alumni.imm.medicina.ulisboa.pt\/wp-content\/uploads\/sites\/33\/2022\/09\/Raquel-Calcada-1-979x1536.png 979w, https:\/\/alumni.imm.medicina.ulisboa.pt\/wp-content\/uploads\/sites\/33\/2022\/09\/Raquel-Calcada-1-1305x2048.png 1305w, https:\/\/alumni.imm.medicina.ulisboa.pt\/wp-content\/uploads\/sites\/33\/2022\/09\/Raquel-Calcada-1.png 1891w\" sizes=\"(max-width: 327px) 100vw, 327px\" \/><\/figure><\/div>\n<\/div>\n\n\n\n<div class=\"wp-block-column\">\n<p class=\"has-text-color\" style=\"color:#00c6a5;font-size:25px\"><strong>Biosketch<\/strong><\/p>\n\n\n\n<p>My name is Raquel Cal\u00e7ada and I am a postdoctoral researcher in the lab of Prof. Lukas Sommer at the University of Zurich. In April 2022 I finished my PhD in stem cell biology, in the lab of Prof. Lukas Sommer. During my PhD I worked with human pluripotent stem cells and established a differentiation protocol, making use of several techniques such as bulk and single cell RNA-sequencing, flow cytometry and confocal microscopy. <\/p>\n\n\n\n<p>Before moving to Switzerland, I completed a master\u2019s in Biomedical Engineering at Instituto Superior T\u00e9cnico (IST), University of Lisbon.<\/p>\n\n\n\n<p class=\"has-text-color\" style=\"color:#00c6a5;font-size:25px\"><strong>Testimony<\/strong><\/p>\n\n\n\n<p>I did my master\u2019s thesis in the lab of Prof. Domingos Henrique, at iMM. During my master\u2019s thesis I worked with mouse embryonic stem cells and single molecule fluorescence in situ hybridization (smFISH). I also had the opportunity to improve my programming skills, by using both R and Matlab. <\/p>\n\n\n\n<p>It was a truly enriching experience, during which I had the chance to discuss scientific data and start my scientific career. iMM offered an international and friendly environment, which allowed me to find answers to my scientific questions whilst meeting outstanding scientists.<\/p>\n\n\n\n<p class=\"has-text-color\" style=\"color:#00c6a5;font-size:25px\"><strong>Contact<\/strong><\/p>\n\n\n\n<p><span style=\"text-decoration: underline;\"><a href=\"https:\/\/www.linkedin.com\/in\/raquel-r-cal%C3%A7ada-b5325469\/\" target=\"_blank\" rel=\"noreferrer noopener\">LinkedIn<\/a><\/span><\/p>\n<\/div>\n<\/div>\n\n\n\n<div class=\"wp-block-columns\">\n<div class=\"wp-block-column\" style=\"flex-basis:25%\"><\/div>\n\n\n\n<div class=\"wp-block-column\" style=\"flex-basis:50%\"><\/div>\n\n\n\n<div class=\"wp-block-column\" style=\"flex-basis:25%\">\n<figure class=\"wp-block-image size-full\"><a href=\"https:\/\/alumni.imm.medicina.ulisboa.pt\/members\/rita-mateus\/\"><img loading=\"lazy\" width=\"512\" height=\"512\" src=\"http:\/\/alumni.imm.medicina.ulisboa.pt\/wp-content\/uploads\/sites\/33\/2022\/09\/Icone-Next.png\" alt=\"\" class=\"wp-image-381\" srcset=\"https:\/\/alumni.imm.medicina.ulisboa.pt\/wp-content\/uploads\/sites\/33\/2022\/09\/Icone-Next.png 512w, https:\/\/alumni.imm.medicina.ulisboa.pt\/wp-content\/uploads\/sites\/33\/2022\/09\/Icone-Next-300x300.png 300w, https:\/\/alumni.imm.medicina.ulisboa.pt\/wp-content\/uploads\/sites\/33\/2022\/09\/Icone-Next-150x150.png 150w\" sizes=\"(max-width: 512px) 100vw, 512px\" \/><\/a><\/figure>\n<\/div>\n<\/div>\n","protected":false},"excerpt":{"rendered":"<p>Raquel Cal\u00e7ada . Biosketch My name is Raquel Cal\u00e7ada and I am a postdoctoral researcher in the lab of Prof. Lukas Sommer at the University of Zurich. In April 2022 I finished my PhD in stem cell biology, in the lab of Prof. Lukas Sommer. During my PhD I worked with human pluripotent stem cells &hellip; <a href=\"https:\/\/alumni.imm.medicina.ulisboa.pt\/members\/raquel-calcada\/\">Continued<\/a><\/p>\n","protected":false},"author":13,"featured_media":0,"parent":15,"menu_order":0,"comment_status":"closed","ping_status":"closed","template":"views\/template-900.blade.php","meta":[],"yoast_head":"<!-- This site is optimized with the Yoast SEO plugin v17.4 - https:\/\/yoast.com\/wordpress\/plugins\/seo\/ -->\n<title>Raquel Cal\u00e7ada - iMM Alumni Community<\/title>\n<meta name=\"robots\" content=\"index, follow, max-snippet:-1, max-image-preview:large, max-video-preview:-1\" \/>\n<link rel=\"canonical\" href=\"https:\/\/alumni.imm.medicina.ulisboa.pt\/members\/raquel-calcada\/\" \/>\n<meta property=\"og:locale\" content=\"en_US\" \/>\n<meta property=\"og:type\" content=\"article\" \/>\n<meta property=\"og:title\" content=\"Raquel Cal\u00e7ada - iMM Alumni Community\" \/>\n<meta property=\"og:description\" content=\"Raquel Cal\u00e7ada . Biosketch My name is Raquel Cal\u00e7ada and I am a postdoctoral researcher in the lab of Prof. Lukas Sommer at the University of Zurich. In April 2022 I finished my PhD in stem cell biology, in the lab of Prof. Lukas Sommer. During my PhD I worked with human pluripotent stem cells &hellip; Continued\" \/>\n<meta property=\"og:url\" content=\"https:\/\/alumni.imm.medicina.ulisboa.pt\/members\/raquel-calcada\/\" \/>\n<meta property=\"og:site_name\" content=\"iMM Alumni Community\" \/>\n<meta property=\"article:modified_time\" content=\"2022-09-25T13:09:16+00:00\" \/>\n<meta property=\"og:image\" content=\"https:\/\/alumni.imm.medicina.ulisboa.pt\/wp-content\/uploads\/sites\/33\/2022\/09\/Raquel-Calcada-1-653x1024.png\" \/>\n<meta name=\"twitter:card\" content=\"summary_large_image\" \/>\n<meta name=\"twitter:label1\" content=\"Est. reading time\" \/>\n\t<meta name=\"twitter:data1\" content=\"2 minutes\" \/>\n<script type=\"application\/ld+json\" class=\"yoast-schema-graph\">{\"@context\":\"https:\/\/schema.org\",\"@graph\":[{\"@type\":\"WebSite\",\"@id\":\"https:\/\/alumni.imm.medicina.ulisboa.pt\/en\/#website\",\"url\":\"https:\/\/alumni.imm.medicina.ulisboa.pt\/en\/\",\"name\":\"iMM Alumni Community\",\"description\":\"\",\"potentialAction\":[{\"@type\":\"SearchAction\",\"target\":{\"@type\":\"EntryPoint\",\"urlTemplate\":\"https:\/\/alumni.imm.medicina.ulisboa.pt\/en\/?s={search_term_string}\"},\"query-input\":\"required name=search_term_string\"}],\"inLanguage\":\"en-US\"},{\"@type\":\"ImageObject\",\"@id\":\"https:\/\/alumni.imm.medicina.ulisboa.pt\/members\/raquel-calcada\/#primaryimage\",\"inLanguage\":\"en-US\",\"url\":\"https:\/\/alumni.imm.medicina.ulisboa.pt\/wp-content\/uploads\/sites\/33\/2022\/09\/Raquel-Calcada-1.png\",\"contentUrl\":\"https:\/\/alumni.imm.medicina.ulisboa.pt\/wp-content\/uploads\/sites\/33\/2022\/09\/Raquel-Calcada-1.png\",\"width\":1891,\"height\":2967},{\"@type\":\"WebPage\",\"@id\":\"https:\/\/alumni.imm.medicina.ulisboa.pt\/members\/raquel-calcada\/#webpage\",\"url\":\"https:\/\/alumni.imm.medicina.ulisboa.pt\/members\/raquel-calcada\/\",\"name\":\"Raquel Cal\\u00e7ada - iMM Alumni Community\",\"isPartOf\":{\"@id\":\"https:\/\/alumni.imm.medicina.ulisboa.pt\/en\/#website\"},\"primaryImageOfPage\":{\"@id\":\"https:\/\/alumni.imm.medicina.ulisboa.pt\/members\/raquel-calcada\/#primaryimage\"},\"datePublished\":\"2022-09-25T12:56:49+00:00\",\"dateModified\":\"2022-09-25T13:09:16+00:00\",\"breadcrumb\":{\"@id\":\"https:\/\/alumni.imm.medicina.ulisboa.pt\/members\/raquel-calcada\/#breadcrumb\"},\"inLanguage\":\"en-US\",\"potentialAction\":[{\"@type\":\"ReadAction\",\"target\":[\"https:\/\/alumni.imm.medicina.ulisboa.pt\/members\/raquel-calcada\/\"]}]},{\"@type\":\"BreadcrumbList\",\"@id\":\"https:\/\/alumni.imm.medicina.ulisboa.pt\/members\/raquel-calcada\/#breadcrumb\",\"itemListElement\":[{\"@type\":\"ListItem\",\"position\":1,\"name\":\"In\\u00edcio\",\"item\":\"https:\/\/alumni.imm.medicina.ulisboa.pt\/\"},{\"@type\":\"ListItem\",\"position\":2,\"name\":\"Members\",\"item\":\"https:\/\/alumni.imm.medicina.ulisboa.pt\/members\/\"},{\"@type\":\"ListItem\",\"position\":3,\"name\":\"Raquel Cal\\u00e7ada\"}]}]}<\/script>\n<!-- \/ Yoast SEO plugin. -->","yoast_head_json":{"title":"Raquel Cal\u00e7ada - iMM Alumni Community","robots":{"index":"index","follow":"follow","max-snippet":"max-snippet:-1","max-image-preview":"max-image-preview:large","max-video-preview":"max-video-preview:-1"},"canonical":"https:\/\/alumni.imm.medicina.ulisboa.pt\/members\/raquel-calcada\/","og_locale":"en_US","og_type":"article","og_title":"Raquel Cal\u00e7ada - iMM Alumni Community","og_description":"Raquel Cal\u00e7ada . Biosketch My name is Raquel Cal\u00e7ada and I am a postdoctoral researcher in the lab of Prof. Lukas Sommer at the University of Zurich. In April 2022 I finished my PhD in stem cell biology, in the lab of Prof. Lukas Sommer. During my PhD I worked with human pluripotent stem cells &hellip; Continued","og_url":"https:\/\/alumni.imm.medicina.ulisboa.pt\/members\/raquel-calcada\/","og_site_name":"iMM Alumni Community","article_modified_time":"2022-09-25T13:09:16+00:00","og_image":[{"url":"https:\/\/alumni.imm.medicina.ulisboa.pt\/wp-content\/uploads\/sites\/33\/2022\/09\/Raquel-Calcada-1-653x1024.png"}],"twitter_card":"summary_large_image","twitter_misc":{"Est. reading time":"2 minutes"},"schema":{"@context":"https:\/\/schema.org","@graph":[{"@type":"WebSite","@id":"https:\/\/alumni.imm.medicina.ulisboa.pt\/en\/#website","url":"https:\/\/alumni.imm.medicina.ulisboa.pt\/en\/","name":"iMM Alumni Community","description":"","potentialAction":[{"@type":"SearchAction","target":{"@type":"EntryPoint","urlTemplate":"https:\/\/alumni.imm.medicina.ulisboa.pt\/en\/?s={search_term_string}"},"query-input":"required name=search_term_string"}],"inLanguage":"en-US"},{"@type":"ImageObject","@id":"https:\/\/alumni.imm.medicina.ulisboa.pt\/members\/raquel-calcada\/#primaryimage","inLanguage":"en-US","url":"https:\/\/alumni.imm.medicina.ulisboa.pt\/wp-content\/uploads\/sites\/33\/2022\/09\/Raquel-Calcada-1.png","contentUrl":"https:\/\/alumni.imm.medicina.ulisboa.pt\/wp-content\/uploads\/sites\/33\/2022\/09\/Raquel-Calcada-1.png","width":1891,"height":2967},{"@type":"WebPage","@id":"https:\/\/alumni.imm.medicina.ulisboa.pt\/members\/raquel-calcada\/#webpage","url":"https:\/\/alumni.imm.medicina.ulisboa.pt\/members\/raquel-calcada\/","name":"Raquel Cal\u00e7ada - iMM Alumni Community","isPartOf":{"@id":"https:\/\/alumni.imm.medicina.ulisboa.pt\/en\/#website"},"primaryImageOfPage":{"@id":"https:\/\/alumni.imm.medicina.ulisboa.pt\/members\/raquel-calcada\/#primaryimage"},"datePublished":"2022-09-25T12:56:49+00:00","dateModified":"2022-09-25T13:09:16+00:00","breadcrumb":{"@id":"https:\/\/alumni.imm.medicina.ulisboa.pt\/members\/raquel-calcada\/#breadcrumb"},"inLanguage":"en-US","potentialAction":[{"@type":"ReadAction","target":["https:\/\/alumni.imm.medicina.ulisboa.pt\/members\/raquel-calcada\/"]}]},{"@type":"BreadcrumbList","@id":"https:\/\/alumni.imm.medicina.ulisboa.pt\/members\/raquel-calcada\/#breadcrumb","itemListElement":[{"@type":"ListItem","position":1,"name":"In\u00edcio","item":"https:\/\/alumni.imm.medicina.ulisboa.pt\/"},{"@type":"ListItem","position":2,"name":"Members","item":"https:\/\/alumni.imm.medicina.ulisboa.pt\/members\/"},{"@type":"ListItem","position":3,"name":"Raquel Cal\u00e7ada"}]}]}},"_links":{"self":[{"href":"https:\/\/alumni.imm.medicina.ulisboa.pt\/en\/wp-json\/wp\/v2\/pages\/481"}],"collection":[{"href":"https:\/\/alumni.imm.medicina.ulisboa.pt\/en\/wp-json\/wp\/v2\/pages"}],"about":[{"href":"https:\/\/alumni.imm.medicina.ulisboa.pt\/en\/wp-json\/wp\/v2\/types\/page"}],"author":[{"embeddable":true,"href":"https:\/\/alumni.imm.medicina.ulisboa.pt\/en\/wp-json\/wp\/v2\/users\/13"}],"replies":[{"embeddable":true,"href":"https:\/\/alumni.imm.medicina.ulisboa.pt\/en\/wp-json\/wp\/v2\/comments?post=481"}],"version-history":[{"count":2,"href":"https:\/\/alumni.imm.medicina.ulisboa.pt\/en\/wp-json\/wp\/v2\/pages\/481\/revisions"}],"predecessor-version":[{"id":552,"href":"https:\/\/alumni.imm.medicina.ulisboa.pt\/en\/wp-json\/wp\/v2\/pages\/481\/revisions\/552"}],"up":[{"embeddable":true,"href":"https:\/\/alumni.imm.medicina.ulisboa.pt\/en\/wp-json\/wp\/v2\/pages\/15"}],"wp:attachment":[{"href":"https:\/\/alumni.imm.medicina.ulisboa.pt\/en\/wp-json\/wp\/v2\/media?parent=481"}],"curies":[{"name":"wp","href":"https:\/\/api.w.org\/{rel}","templated":true}]}}